{"id":11317,"date":"2026-02-03T20:38:58","date_gmt":"2026-02-03T19:38:58","guid":{"rendered":"https:\/\/www.espenschiedwein.de\/shop\/?post_type=product&#038;p=11317"},"modified":"2026-02-03T20:54:33","modified_gmt":"2026-02-03T19:54:33","slug":"grauburgunder-barrique-trocken","status":"publish","type":"product","link":"https:\/\/www.espenschiedwein.de\/shop\/produkt\/grauburgunder-barrique-trocken\/","title":{"rendered":"Grauburgunder Barrique Trocken"},"content":{"rendered":"<p>Dieser Grauburgunder trocken, im Barrique gereift, \u00fcberzeugt mit Tiefe, Struktur und feinem Schmelz. Im Glas zeigt er sich in warmem Goldgelb. In der Nase entfalten sich Aromen von reifer Birne, gelbem Apfel und Aprikose, begleitet von nussigen Noten, Vanille, feiner R\u00f6staromatik und einem Hauch Karamell.<\/p>\n<p data-start=\"451\" data-end=\"705\">Am Gaumen pr\u00e4sentiert sich der Wein vollmundig und cremig. Die Holzreife ist harmonisch eingebunden und verleiht dem Grauburgunder F\u00fclle und L\u00e4nge, w\u00e4hrend eine gut integrierte S\u00e4ure f\u00fcr Balance und Frische sorgt. Der Abgang ist lang, w\u00fcrzig und elegant.<\/p>\n<p data-start=\"707\" data-end=\"864\">Ein ausdrucksstarker Wei\u00dfwein mit Substanz \u2013 ideal zu kr\u00e4ftigen Fischgerichten, Gefl\u00fcgel, Kalb, Pilzgerichten, Pasta mit cremigen Saucen oder gereiftem K\u00e4se.<\/p>\n<table border=\"0\" width=\"60%\" cellspacing=\"0\" cellpadding=\"0\" align=\"left\">\n<tbody>\n<tr>\n<td width=\"53%\">Artikelnummer:<\/td>\n<td width=\"47%\"><strong>52<\/strong><\/td>\n<\/tr>\n<tr>\n<td>Inhalt<\/td>\n<td><strong>0,75 Ltr.<\/strong><\/td>\n<\/tr>\n<tr>\n<td>Preis\/Ltr.<\/td>\n<td><strong>17,20 EUR pro Ltr.<\/strong><\/td>\n<\/tr>\n<tr>\n<td>Weinart:<\/td>\n<td><strong>Wei\u00dfwein<\/strong><\/td>\n<\/tr>\n<tr>\n<td>Qualit\u00e4tsstufe<\/td>\n<td><strong>Qualit\u00e4tswein<\/strong><\/td>\n<\/tr>\n<tr>\n<td>Rebsorte<\/td>\n<td><strong>Grauburgunder<\/strong><\/td>\n<\/tr>\n<tr>\n<td>Restzuckergehalt<\/td>\n<td><strong>1,5 g\/Ltr.<\/strong><\/td>\n<\/tr>\n<tr>\n<td>Alkoholgehalt<\/td>\n<td><strong>12,5 Vol. %<\/strong><\/td>\n<\/tr>\n<tr>\n<td>enth\u00e4lt Allergene:<\/td>\n<td><strong>Sulfite<\/strong><\/td>\n<\/tr>\n<\/tbody>\n<\/table>\n<table class=\"bg-white mx-auto w-full border border-neutral-200\">\n<thead class=\"bg-neutral-100\">\n<tr>\n<th class=\"border border-neutral-200 px-2 h-10 text-xs font-normal text-left\">N\u00e4hrwertangaben je 100ml<\/th>\n<\/tr>\n<\/thead>\n<tbody>\n<tr>\n<td class=\"border border-neutral-200 p-2 text-xs font-normal text-neutral\">\n<div class=\"flex justify-between\">Brennwert290 kJ \/ 70 kcal<\/div>\n<\/td>\n<\/tr>\n<tr>\n<td class=\"border border-neutral-200 p-2 text-xs font-normal text-neutral\">\n<div class=\"flex justify-between\">Kohlenhydrate1,1 g<\/div>\n<\/td>\n<\/tr>\n<tr>\n<td class=\"border border-neutral-200 p-2 text-xs font-normal text-neutral\">\n<div class=\"flex justify-between\">davon Zucker 0,1 g\/100ml<\/div>\n<\/td>\n<\/tr>\n<tr>\n<td class=\"border border-neutral-200 px-2 py-1 text-xs font-normal text-neutral\">Enth\u00e4lt geringf\u00fcgige Mengen von: Fett, ges\u00e4ttigten Fetts\u00e4uren, Eiwei\u00df und Salz<\/td>\n<\/tr>\n<\/tbody>\n<\/table>\n","protected":false},"excerpt":{"rendered":"<p>Dieser Grauburgunder trocken, im Barrique gereift, \u00fcberzeugt mit Tiefe, Struktur und feinem Schmelz. Im Glas zeigt er sich in warmem Goldgelb. In der Nase entfalten sich Aromen von reifer Birne, gelbem Apfel und Aprikose, begleitet von nussigen Noten, Vanille, feiner R\u00f6staromatik und einem Hauch Karamell. Am Gaumen pr\u00e4sentiert sich der Wein vollmundig und cremig. Die [&hellip;]<\/p>\n","protected":false},"featured_media":11318,"template":"","meta":{"_acf_changed":false},"product_brand":[],"product_cat":[286],"product_tag":[],"class_list":{"0":"post-11317","1":"product","2":"type-product","3":"status-publish","4":"has-post-thumbnail","6":"product_cat-weisswein-trocken","8":"first","9":"instock","10":"taxable","11":"shipping-taxable","12":"purchasable","13":"product-type-simple"},"acf":[],"_links":{"self":[{"href":"https:\/\/www.espenschiedwein.de\/shop\/wp-json\/wp\/v2\/product\/11317","targetHints":{"allow":["GET"]}}],"collection":[{"href":"https:\/\/www.espenschiedwein.de\/shop\/wp-json\/wp\/v2\/product"}],"about":[{"href":"https:\/\/www.espenschiedwein.de\/shop\/wp-json\/wp\/v2\/types\/product"}],"wp:featuredmedia":[{"embeddable":true,"href":"https:\/\/www.espenschiedwein.de\/shop\/wp-json\/wp\/v2\/media\/11318"}],"wp:attachment":[{"href":"https:\/\/www.espenschiedwein.de\/shop\/wp-json\/wp\/v2\/media?parent=11317"}],"wp:term":[{"taxonomy":"product_brand","embeddable":true,"href":"https:\/\/www.espenschiedwein.de\/shop\/wp-json\/wp\/v2\/product_brand?post=11317"},{"taxonomy":"product_cat","embeddable":true,"href":"https:\/\/www.espenschiedwein.de\/shop\/wp-json\/wp\/v2\/product_cat?post=11317"},{"taxonomy":"product_tag","embeddable":true,"href":"https:\/\/www.espenschiedwein.de\/shop\/wp-json\/wp\/v2\/product_tag?post=11317"}],"curies":[{"name":"wp","href":"https:\/\/api.w.org\/{rel}","templated":true}]}}