{"id":10440,"date":"2024-03-06T12:49:58","date_gmt":"2024-03-06T11:49:58","guid":{"rendered":"https:\/\/www.espenschiedwein.de\/shop\/?post_type=product&#038;p=10440"},"modified":"2026-02-03T11:21:54","modified_gmt":"2026-02-03T10:21:54","slug":"espe-blaettertanz-weissweincuvee-feinherb","status":"publish","type":"product","link":"https:\/\/www.espenschiedwein.de\/shop\/produkt\/espe-blaettertanz-weissweincuvee-feinherb\/","title":{"rendered":"Bl\u00e4ttertanz Feinherb Wei\u00dfweincuv\u00e9e"},"content":{"rendered":"<p data-start=\"195\" data-end=\"541\">Diese ausdrucksstarke Cuv\u00e9e verbindet die lebendige Frische des Rieslings mit der aromatischen W\u00fcrze des W\u00fcrzers. Im Glas schimmert der <em data-start=\"331\" data-end=\"344\">Bl\u00e4ttertanz<\/em> hellgelb mit goldenen Reflexen. In der Nase entfalten sich Aromen von Zitrusfr\u00fcchten, reifem Pfirsich und Apfel, begleitet von floralen Noten, feiner Muskatw\u00fcrze und einem Hauch exotischer Frucht.<\/p>\n<p data-start=\"543\" data-end=\"797\">Am Gaumen zeigt sich der Wein harmonisch und lebendig. Die klare S\u00e4ure des Rieslings sorgt f\u00fcr Frische und Spannung, w\u00e4hrend der W\u00fcrzer dem Wein F\u00fclle, Duftigkeit und eine elegante W\u00fcrze verleiht. Der Abgang ist saftig, aromatisch und angenehm anhaltend.<\/p>\n<p data-start=\"799\" data-end=\"949\">Ein charaktervoller, verspielter Wei\u00dfwein mit Charme \u2013 ideal als Solist oder zu asiatischen Gerichten, leichter K\u00fcche, Gefl\u00fcgel oder w\u00fcrzigen Speisen.<\/p>\n<table border=\"0\" width=\"60%\" cellspacing=\"0\" cellpadding=\"0\" align=\"left\">\n<tbody>\n<tr>\n<td width=\"53%\">Artikelnummer:<\/td>\n<td width=\"47%\"><strong>73<\/strong><\/td>\n<\/tr>\n<tr>\n<td>Inhalt<\/td>\n<td><strong>0,75 Ltr.<\/strong><\/td>\n<\/tr>\n<tr>\n<td>Preis\/Ltr.<\/td>\n<td><strong>10,00 EUR pro Ltr.<\/strong><\/td>\n<\/tr>\n<tr>\n<td>Weinart:<\/td>\n<td><strong>Wei\u00dfwein<\/strong><\/td>\n<\/tr>\n<tr>\n<td>Qualit\u00e4tsstufe<\/td>\n<td><strong>Qualit\u00e4tswein<\/strong><\/td>\n<\/tr>\n<tr>\n<td>Rebsorte<\/td>\n<td><strong>Riesling u. W\u00fcrzer<\/strong><\/td>\n<\/tr>\n<tr>\n<td>Restzuckergehalt<\/td>\n<td><strong>22 g\/Ltr.<\/strong><\/td>\n<\/tr>\n<tr>\n<td>Alkoholgehalt<\/td>\n<td><strong>10,5 Vol. %<\/strong><\/td>\n<\/tr>\n<tr>\n<td>enth\u00e4lt Allergene:<\/td>\n<td><strong>Sulfite<\/strong><\/td>\n<\/tr>\n<\/tbody>\n<\/table>\n<table class=\"bg-white mx-auto w-full border border-neutral-200\">\n<thead class=\"bg-neutral-100\">\n<tr>\n<th class=\"border border-neutral-200 px-2 h-10 text-xs font-normal text-left\">N\u00e4hrwertangaben je 100ml<\/th>\n<\/tr>\n<\/thead>\n<tbody>\n<tr>\n<td class=\"border border-neutral-200 p-2 text-xs font-normal text-neutral\">\n<div class=\"flex justify-between\">Brennwert297 kJ \/ 71 kcal<\/div>\n<\/td>\n<\/tr>\n<tr>\n<td class=\"border border-neutral-200 p-2 text-xs font-normal text-neutral\">\n<div class=\"flex justify-between\">Kohlenhydrate3,7 g<\/div>\n<\/td>\n<\/tr>\n<tr>\n<td class=\"border border-neutral-200 p-2 text-xs font-normal text-neutral\">\n<div class=\"flex justify-between\">davon Zucker2,0 g<\/div>\n<\/td>\n<\/tr>\n<tr>\n<td class=\"border border-neutral-200 px-2 py-1 text-xs font-normal text-neutral\">Enth\u00e4lt geringf\u00fcgige Mengen von: Fett, ges\u00e4ttigten Fetts\u00e4uren, Eiwei\u00df und Salz<\/td>\n<\/tr>\n<\/tbody>\n<\/table>\n","protected":false},"excerpt":{"rendered":"<p>Diese ausdrucksstarke Cuv\u00e9e verbindet die lebendige Frische des Rieslings mit der aromatischen W\u00fcrze des W\u00fcrzers. Im Glas schimmert der Bl\u00e4ttertanz hellgelb mit goldenen Reflexen. In der Nase entfalten sich Aromen von Zitrusfr\u00fcchten, reifem Pfirsich und Apfel, begleitet von floralen Noten, feiner Muskatw\u00fcrze und einem Hauch exotischer Frucht. Am Gaumen zeigt sich der Wein harmonisch und [&hellip;]<\/p>\n","protected":false},"featured_media":11269,"template":"","meta":{"_acf_changed":false},"product_brand":[],"product_cat":[285],"product_tag":[],"class_list":{"0":"post-10440","1":"product","2":"type-product","3":"status-publish","4":"has-post-thumbnail","6":"product_cat-weisswein-halbtrocken","8":"first","9":"instock","10":"taxable","11":"shipping-taxable","12":"purchasable","13":"product-type-simple"},"acf":[],"_links":{"self":[{"href":"https:\/\/www.espenschiedwein.de\/shop\/wp-json\/wp\/v2\/product\/10440","targetHints":{"allow":["GET"]}}],"collection":[{"href":"https:\/\/www.espenschiedwein.de\/shop\/wp-json\/wp\/v2\/product"}],"about":[{"href":"https:\/\/www.espenschiedwein.de\/shop\/wp-json\/wp\/v2\/types\/product"}],"wp:featuredmedia":[{"embeddable":true,"href":"https:\/\/www.espenschiedwein.de\/shop\/wp-json\/wp\/v2\/media\/11269"}],"wp:attachment":[{"href":"https:\/\/www.espenschiedwein.de\/shop\/wp-json\/wp\/v2\/media?parent=10440"}],"wp:term":[{"taxonomy":"product_brand","embeddable":true,"href":"https:\/\/www.espenschiedwein.de\/shop\/wp-json\/wp\/v2\/product_brand?post=10440"},{"taxonomy":"product_cat","embeddable":true,"href":"https:\/\/www.espenschiedwein.de\/shop\/wp-json\/wp\/v2\/product_cat?post=10440"},{"taxonomy":"product_tag","embeddable":true,"href":"https:\/\/www.espenschiedwein.de\/shop\/wp-json\/wp\/v2\/product_tag?post=10440"}],"curies":[{"name":"wp","href":"https:\/\/api.w.org\/{rel}","templated":true}]}}