{"id":10438,"date":"2024-03-06T12:49:53","date_gmt":"2024-03-06T11:49:53","guid":{"rendered":"https:\/\/www.espenschiedwein.de\/shop\/?post_type=product&#038;p=10438"},"modified":"2026-02-03T11:24:54","modified_gmt":"2026-02-03T10:24:54","slug":"silvaner-alte-reben-trocken","status":"publish","type":"product","link":"https:\/\/www.espenschiedwein.de\/shop\/produkt\/silvaner-alte-reben-trocken\/","title":{"rendered":"Silvaner &#8211; Alte Reben &#8211; trocken"},"content":{"rendered":"<p data-start=\"160\" data-end=\"476\">Dieser Silvaner aus alten Reben \u00fcberzeugt durch Tiefe, Charakter und eine klare Herkunftspr\u00e4gung. Im Glas zeigt er sich hellgelb mit gr\u00fcnlichen Reflexen. In der Nase entfalten sich feine Aromen von reifem Apfel, Birne und gelber Quitte, begleitet von zarten Kr\u00e4uternoten, einem Hauch Heu und mineralischen Ankl\u00e4ngen.<\/p>\n<p data-start=\"478\" data-end=\"729\">Am Gaumen pr\u00e4sentiert sich der Wein trocken, pr\u00e4zise und ausgewogen. Die alten Reben verleihen ihm eine konzentrierte Frucht, eine feine W\u00fcrze und eine markante, aber harmonisch eingebundene S\u00e4urestruktur. Der Abgang ist lang, mineralisch und elegant.<\/p>\n<p data-start=\"731\" data-end=\"859\">Ein charaktervoller Silvaner mit Substanz und Finesse \u2013 ideal zu Spargelgerichten, Fisch, hellem Fleisch oder fr\u00e4nkischer K\u00fcche.<\/p>\n<table border=\"0\" width=\"60%\" cellspacing=\"0\" cellpadding=\"0\" align=\"left\">\n<tbody>\n<tr>\n<td width=\"53%\">Artikelnummer:<\/td>\n<td width=\"47%\"><strong>61<\/strong><\/td>\n<\/tr>\n<tr>\n<td>Inhalt<\/td>\n<td><strong>0,75 Ltr.<\/strong><\/td>\n<\/tr>\n<tr>\n<td>Preis\/Ltr.<\/td>\n<td><strong>10,00 EUR pro Ltr.<\/strong><\/td>\n<\/tr>\n<tr>\n<td>Weinart:<\/td>\n<td><strong>Wei\u00dfwein<\/strong><\/td>\n<\/tr>\n<tr>\n<td>Qualit\u00e4tsstufe<\/td>\n<td><strong>Qualit\u00e4tswein<\/strong><\/td>\n<\/tr>\n<tr>\n<td>Rebsorte<\/td>\n<td><strong>Silvaner<\/strong><\/td>\n<\/tr>\n<tr>\n<td>Restzuckergehalt<\/td>\n<td><strong>3 g\/Ltr.<\/strong><\/td>\n<\/tr>\n<tr>\n<td>Alkoholgehalt<\/td>\n<td><strong>12,0 Vol. %<\/strong><\/td>\n<\/tr>\n<tr>\n<td>enth\u00e4lt Allergene:<\/td>\n<td><strong>Sulfite<\/strong><\/td>\n<\/tr>\n<\/tbody>\n<\/table>\n<table class=\"bg-white mx-auto w-full border border-neutral-200\">\n<thead class=\"bg-neutral-100\">\n<tr>\n<th class=\"border border-neutral-200 px-2 h-10 text-xs font-normal text-left\">N\u00e4hrwertangaben je 100ml<\/th>\n<\/tr>\n<\/thead>\n<tbody>\n<tr>\n<td class=\"border border-neutral-200 p-2 text-xs font-normal text-neutral\">\n<div class=\"flex justify-between\">Brennwert302 kJ \/ 72 kcal<\/div>\n<\/td>\n<\/tr>\n<tr>\n<td class=\"border border-neutral-200 p-2 text-xs font-normal text-neutral\">\n<div class=\"flex justify-between\">Kohlenhydrate1,5 g<\/div>\n<\/td>\n<\/tr>\n<tr>\n<td class=\"border border-neutral-200 p-2 text-xs font-normal text-neutral\">\n<div class=\"flex justify-between\">davon Zucker0,5 g<\/div>\n<\/td>\n<\/tr>\n<tr>\n<td class=\"border border-neutral-200 px-2 py-1 text-xs font-normal text-neutral\">Enth\u00e4lt geringf\u00fcgige Mengen von: Fett, ges\u00e4ttigten Fetts\u00e4uren, Eiwei\u00df und Salz<\/td>\n<\/tr>\n<\/tbody>\n<\/table>\n","protected":false},"excerpt":{"rendered":"<p>Dieser Silvaner aus alten Reben \u00fcberzeugt durch Tiefe, Charakter und eine klare Herkunftspr\u00e4gung. Im Glas zeigt er sich hellgelb mit gr\u00fcnlichen Reflexen. In der Nase entfalten sich feine Aromen von reifem Apfel, Birne und gelber Quitte, begleitet von zarten Kr\u00e4uternoten, einem Hauch Heu und mineralischen Ankl\u00e4ngen. Am Gaumen pr\u00e4sentiert sich der Wein trocken, pr\u00e4zise und [&hellip;]<\/p>\n","protected":false},"featured_media":11257,"template":"","meta":{"_acf_changed":false},"product_brand":[],"product_cat":[286],"product_tag":[],"class_list":{"0":"post-10438","1":"product","2":"type-product","3":"status-publish","4":"has-post-thumbnail","6":"product_cat-weisswein-trocken","8":"first","9":"instock","10":"taxable","11":"shipping-taxable","12":"purchasable","13":"product-type-simple"},"acf":[],"_links":{"self":[{"href":"https:\/\/www.espenschiedwein.de\/shop\/wp-json\/wp\/v2\/product\/10438","targetHints":{"allow":["GET"]}}],"collection":[{"href":"https:\/\/www.espenschiedwein.de\/shop\/wp-json\/wp\/v2\/product"}],"about":[{"href":"https:\/\/www.espenschiedwein.de\/shop\/wp-json\/wp\/v2\/types\/product"}],"wp:featuredmedia":[{"embeddable":true,"href":"https:\/\/www.espenschiedwein.de\/shop\/wp-json\/wp\/v2\/media\/11257"}],"wp:attachment":[{"href":"https:\/\/www.espenschiedwein.de\/shop\/wp-json\/wp\/v2\/media?parent=10438"}],"wp:term":[{"taxonomy":"product_brand","embeddable":true,"href":"https:\/\/www.espenschiedwein.de\/shop\/wp-json\/wp\/v2\/product_brand?post=10438"},{"taxonomy":"product_cat","embeddable":true,"href":"https:\/\/www.espenschiedwein.de\/shop\/wp-json\/wp\/v2\/product_cat?post=10438"},{"taxonomy":"product_tag","embeddable":true,"href":"https:\/\/www.espenschiedwein.de\/shop\/wp-json\/wp\/v2\/product_tag?post=10438"}],"curies":[{"name":"wp","href":"https:\/\/api.w.org\/{rel}","templated":true}]}}