{"id":10437,"date":"2024-03-06T12:49:46","date_gmt":"2024-03-06T11:49:46","guid":{"rendered":"https:\/\/www.espenschiedwein.de\/shop\/?post_type=product&#038;p=10437"},"modified":"2026-02-03T11:26:44","modified_gmt":"2026-02-03T10:26:44","slug":"summerwine-suess","status":"publish","type":"product","link":"https:\/\/www.espenschiedwein.de\/shop\/produkt\/summerwine-suess\/","title":{"rendered":"Summerwine s\u00fcss"},"content":{"rendered":"<p data-start=\"156\" data-end=\"424\">Dieser Summerwine verf\u00fchrt mit fruchtiger Leichtigkeit und sommerlicher Frische. Im Glas zeigt er ein helles Gelb mit leuchtenden Reflexen. In der Nase entfalten sich Aromen von reifen Pfirsichen, saftigen Birnen, zarten Aprikosen und einem Hauch exotischer Fr\u00fcchte.<\/p>\n<p data-start=\"426\" data-end=\"676\">Am Gaumen pr\u00e4sentiert sich der Wein s\u00fc\u00df, saftig und harmonisch. Die lebendige Frucht wird von einer feinen Rests\u00fc\u00dfe unterstrichen, w\u00e4hrend eine dezente S\u00e4ure f\u00fcr Frische und Trinkfluss sorgt. Der Abgang ist leicht, fruchtig und angenehm animierend.<\/p>\n<p data-start=\"678\" data-end=\"813\">Ein perfekter, unkomplizierter Sommerwein \u2013 ideal gut gek\u00fchlt, zu fruchtigen Desserts, Eis oder einfach f\u00fcr entspannte Sonnenmomente.<\/p>\n<p>&nbsp;<\/p>\n<table border=\"0\" width=\"60%\" cellspacing=\"0\" cellpadding=\"0\" align=\"left\">\n<tbody>\n<tr>\n<td width=\"53%\">Artikelnummer:<\/td>\n<td width=\"47%\"><strong>37<\/strong><\/td>\n<\/tr>\n<tr>\n<td>Inhalt<\/td>\n<td><strong>1,0 Ltr.<\/strong><\/td>\n<\/tr>\n<tr>\n<td>Preis\/Ltr.<\/td>\n<td><strong>4,90 EUR pro Ltr.<\/strong><\/td>\n<\/tr>\n<tr>\n<td>Weinart:<\/td>\n<td><strong>Wei\u00dfwein<\/strong><\/td>\n<\/tr>\n<tr>\n<td>Qualit\u00e4tsstufe<\/td>\n<td><strong>Qualit\u00e4tswein<\/strong><\/td>\n<\/tr>\n<tr>\n<td>Rebsorte<\/td>\n<td><strong>Cuve\u00e9<\/strong><\/td>\n<\/tr>\n<tr>\n<td>Restzuckergehalt<\/td>\n<td><strong>40<\/strong><\/td>\n<\/tr>\n<tr>\n<td>Alkoholgehalt<\/td>\n<td><strong>10,5%<\/strong><\/td>\n<\/tr>\n<tr>\n<td>enth\u00e4lt Allergene:<\/td>\n<td><strong>Sulfite<\/strong><\/td>\n<\/tr>\n<\/tbody>\n<\/table>\n<table class=\"bg-white mx-auto w-full border border-neutral-200\">\n<thead class=\"bg-neutral-100\">\n<tr>\n<th class=\"border border-neutral-200 px-2 h-10 text-xs font-normal text-left\">N\u00e4hrwertangaben je 100ml<\/th>\n<\/tr>\n<\/thead>\n<tbody>\n<tr>\n<td class=\"border border-neutral-200 p-2 text-xs font-normal text-neutral\">\n<div class=\"flex justify-between\">Brennwert321 kJ \/ 77 kcal<\/div>\n<\/td>\n<\/tr>\n<tr>\n<td class=\"border border-neutral-200 p-2 text-xs font-normal text-neutral\">\n<div class=\"flex justify-between\">Kohlenhydrate5,0 g<\/div>\n<\/td>\n<\/tr>\n<tr>\n<td class=\"border border-neutral-200 p-2 text-xs font-normal text-neutral\">\n<div class=\"flex justify-between\">davon Zucker4,0 g<\/div>\n<\/td>\n<\/tr>\n<tr>\n<td class=\"border border-neutral-200 px-2 py-1 text-xs font-normal text-neutral\">Enth\u00e4lt geringf\u00fcgige Mengen von: Fett, ges\u00e4ttigten Fetts\u00e4uren, Eiwei\u00df und Salz<\/td>\n<\/tr>\n<\/tbody>\n<\/table>\n","protected":false},"excerpt":{"rendered":"<p>Dieser Summerwine verf\u00fchrt mit fruchtiger Leichtigkeit und sommerlicher Frische. Im Glas zeigt er ein helles Gelb mit leuchtenden Reflexen. In der Nase entfalten sich Aromen von reifen Pfirsichen, saftigen Birnen, zarten Aprikosen und einem Hauch exotischer Fr\u00fcchte. Am Gaumen pr\u00e4sentiert sich der Wein s\u00fc\u00df, saftig und harmonisch. Die lebendige Frucht wird von einer feinen Rests\u00fc\u00dfe [&hellip;]<\/p>\n","protected":false},"featured_media":11256,"template":"","meta":{"_acf_changed":false},"product_brand":[],"product_cat":[287],"product_tag":[],"class_list":{"0":"post-10437","1":"product","2":"type-product","3":"status-publish","4":"has-post-thumbnail","6":"product_cat-weisswein-lieblich","8":"first","9":"instock","10":"taxable","11":"shipping-taxable","12":"purchasable","13":"product-type-simple"},"acf":[],"_links":{"self":[{"href":"https:\/\/www.espenschiedwein.de\/shop\/wp-json\/wp\/v2\/product\/10437","targetHints":{"allow":["GET"]}}],"collection":[{"href":"https:\/\/www.espenschiedwein.de\/shop\/wp-json\/wp\/v2\/product"}],"about":[{"href":"https:\/\/www.espenschiedwein.de\/shop\/wp-json\/wp\/v2\/types\/product"}],"wp:featuredmedia":[{"embeddable":true,"href":"https:\/\/www.espenschiedwein.de\/shop\/wp-json\/wp\/v2\/media\/11256"}],"wp:attachment":[{"href":"https:\/\/www.espenschiedwein.de\/shop\/wp-json\/wp\/v2\/media?parent=10437"}],"wp:term":[{"taxonomy":"product_brand","embeddable":true,"href":"https:\/\/www.espenschiedwein.de\/shop\/wp-json\/wp\/v2\/product_brand?post=10437"},{"taxonomy":"product_cat","embeddable":true,"href":"https:\/\/www.espenschiedwein.de\/shop\/wp-json\/wp\/v2\/product_cat?post=10437"},{"taxonomy":"product_tag","embeddable":true,"href":"https:\/\/www.espenschiedwein.de\/shop\/wp-json\/wp\/v2\/product_tag?post=10437"}],"curies":[{"name":"wp","href":"https:\/\/api.w.org\/{rel}","templated":true}]}}