{"id":10435,"date":"2024-03-06T12:49:32","date_gmt":"2024-03-06T11:49:32","guid":{"rendered":"https:\/\/www.espenschiedwein.de\/shop\/?post_type=product&#038;p=10435"},"modified":"2026-02-03T11:31:10","modified_gmt":"2026-02-03T10:31:10","slug":"riesling-spaetlese","status":"publish","type":"product","link":"https:\/\/www.espenschiedwein.de\/shop\/produkt\/riesling-spaetlese\/","title":{"rendered":"Riesling Sp\u00e4tlese"},"content":{"rendered":"<p data-start=\"119\" data-end=\"400\">Diese Riesling Sp\u00e4tlese besticht durch ihre ausdrucksvolle Frucht und harmonische S\u00fc\u00dfe. Im Glas zeigt sie ein helles Gelb mit gr\u00fcnen Reflexen. In der Nase entfalten sich Aromen von reifem Apfel, Pfirsich, Aprikose und feinen Zitrusnoten, begleitet von einer dezenten Mineralit\u00e4t.<\/p>\n<p data-start=\"402\" data-end=\"639\">Am Gaumen pr\u00e4sentiert sich der Wein saftig, harmonisch und elegant. Die angenehme Rests\u00fc\u00dfe unterstreicht die fruchtige Aromatik, w\u00e4hrend die lebendige S\u00e4ure f\u00fcr Frische und Balance sorgt. Der Abgang ist lang, aromatisch und ausgewogen.<\/p>\n<p data-start=\"641\" data-end=\"778\">Ein vielseitiger Wein \u2013 ideal zu leichten Desserts, fruchtigen Vorspeisen, w\u00fcrzigem K\u00e4se oder einfach als Genuss f\u00fcr besondere Momente.<\/p>\n<table border=\"0\" width=\"60%\" cellspacing=\"0\" cellpadding=\"0\" align=\"left\">\n<tbody>\n<tr>\n<td width=\"53%\">Artikelnummer:<\/td>\n<td width=\"47%\"><strong>18<\/strong><\/td>\n<\/tr>\n<tr>\n<td>Inhalt<\/td>\n<td><strong>0,75 Ltr.<\/strong><\/td>\n<\/tr>\n<tr>\n<td>Preis\/Ltr.<\/td>\n<td><strong>10,00 EUR pro Ltr.<\/strong><\/td>\n<\/tr>\n<tr>\n<td>Weinart:<\/td>\n<td><strong>Wei\u00dfwein<\/strong><\/td>\n<\/tr>\n<tr>\n<td>Qualit\u00e4tsstufe<\/td>\n<td><strong>Sp\u00e4tlese<\/strong><\/td>\n<\/tr>\n<tr>\n<td>Rebsorte<\/td>\n<td><strong>Riesling<\/strong><\/td>\n<\/tr>\n<tr>\n<td>Restzuckergehalt<\/td>\n<td><strong>62 g\/Ltr.<\/strong><\/td>\n<\/tr>\n<tr>\n<td>Alkoholgehalt<\/td>\n<td><strong>7,5 Vol. %<\/strong><\/td>\n<\/tr>\n<tr>\n<td>enth\u00e4lt Allergene:<\/td>\n<td><strong>Sulfite<\/strong><\/td>\n<\/tr>\n<\/tbody>\n<\/table>\n<table class=\"bg-white mx-auto w-full border border-neutral-200\">\n<thead class=\"bg-neutral-100\">\n<tr>\n<th class=\"border border-neutral-200 px-2 h-10 text-xs font-normal text-left\">N\u00e4hrwertangaben je 100ml<\/th>\n<\/tr>\n<\/thead>\n<tbody>\n<tr>\n<td class=\"border border-neutral-200 p-2 text-xs font-normal text-neutral\">\n<div class=\"flex justify-between\">Brennwert393 kJ \/ 70 kcal<\/div>\n<\/td>\n<\/tr>\n<tr>\n<td class=\"border border-neutral-200 p-2 text-xs font-normal text-neutral\">\n<div class=\"flex justify-between\">Kohlenhydrate6,8 g<\/div>\n<\/td>\n<\/tr>\n<tr>\n<td class=\"border border-neutral-200 p-2 text-xs font-normal text-neutral\">\n<div class=\"flex justify-between\">davon Zucker6,2 g<\/div>\n<\/td>\n<\/tr>\n<tr>\n<td class=\"border border-neutral-200 px-2 py-1 text-xs font-normal text-neutral\">Enth\u00e4lt geringf\u00fcgige Mengen von: Fett, ges\u00e4ttigten Fetts\u00e4uren, Eiwei\u00df und Salz<\/td>\n<\/tr>\n<\/tbody>\n<\/table>\n","protected":false},"excerpt":{"rendered":"<p>Diese Riesling Sp\u00e4tlese besticht durch ihre ausdrucksvolle Frucht und harmonische S\u00fc\u00dfe. Im Glas zeigt sie ein helles Gelb mit gr\u00fcnen Reflexen. In der Nase entfalten sich Aromen von reifem Apfel, Pfirsich, Aprikose und feinen Zitrusnoten, begleitet von einer dezenten Mineralit\u00e4t. Am Gaumen pr\u00e4sentiert sich der Wein saftig, harmonisch und elegant. Die angenehme Rests\u00fc\u00dfe unterstreicht die [&hellip;]<\/p>\n","protected":false},"featured_media":11253,"template":"","meta":{"_acf_changed":false},"product_brand":[],"product_cat":[287],"product_tag":[],"class_list":{"0":"post-10435","1":"product","2":"type-product","3":"status-publish","4":"has-post-thumbnail","6":"product_cat-weisswein-lieblich","8":"first","9":"instock","10":"taxable","11":"shipping-taxable","12":"purchasable","13":"product-type-simple"},"acf":[],"_links":{"self":[{"href":"https:\/\/www.espenschiedwein.de\/shop\/wp-json\/wp\/v2\/product\/10435","targetHints":{"allow":["GET"]}}],"collection":[{"href":"https:\/\/www.espenschiedwein.de\/shop\/wp-json\/wp\/v2\/product"}],"about":[{"href":"https:\/\/www.espenschiedwein.de\/shop\/wp-json\/wp\/v2\/types\/product"}],"wp:featuredmedia":[{"embeddable":true,"href":"https:\/\/www.espenschiedwein.de\/shop\/wp-json\/wp\/v2\/media\/11253"}],"wp:attachment":[{"href":"https:\/\/www.espenschiedwein.de\/shop\/wp-json\/wp\/v2\/media?parent=10435"}],"wp:term":[{"taxonomy":"product_brand","embeddable":true,"href":"https:\/\/www.espenschiedwein.de\/shop\/wp-json\/wp\/v2\/product_brand?post=10435"},{"taxonomy":"product_cat","embeddable":true,"href":"https:\/\/www.espenschiedwein.de\/shop\/wp-json\/wp\/v2\/product_cat?post=10435"},{"taxonomy":"product_tag","embeddable":true,"href":"https:\/\/www.espenschiedwein.de\/shop\/wp-json\/wp\/v2\/product_tag?post=10435"}],"curies":[{"name":"wp","href":"https:\/\/api.w.org\/{rel}","templated":true}]}}