{"id":10434,"date":"2024-03-06T12:49:30","date_gmt":"2024-03-06T11:49:30","guid":{"rendered":"https:\/\/www.espenschiedwein.de\/shop\/?post_type=product&#038;p=10434"},"modified":"2026-02-03T11:33:07","modified_gmt":"2026-02-03T10:33:07","slug":"bacchus-lieblich","status":"publish","type":"product","link":"https:\/\/www.espenschiedwein.de\/shop\/produkt\/bacchus-lieblich\/","title":{"rendered":"Bacchus lieblich"},"content":{"rendered":"<p data-start=\"119\" data-end=\"361\">Dieser Bacchus lieblich besticht durch seine aromatische Frische und weiche S\u00fc\u00dfe. Im Glas zeigt er ein helles Gelb mit zarten gr\u00fcnen Reflexen. In der Nase entfalten sich Aromen von Muskat, Holunderbl\u00fcte, reifer Birne und einem Hauch Zitrus.<\/p>\n<p data-start=\"363\" data-end=\"585\">Am Gaumen wirkt der Wein saftig, lebendig und harmonisch. Die feine Rests\u00fc\u00dfe unterstreicht die fruchtigen Noten, w\u00e4hrend die moderate S\u00e4ure f\u00fcr Frische und Trinkfluss sorgt. Der Abgang ist weich, angenehm und animierend.<\/p>\n<p data-start=\"587\" data-end=\"719\">Ein unkomplizierter, fruchtiger Wein \u2013 ideal gut gek\u00fchlt als Aperitif, zu Desserts, leichten Vorspeisen oder einfach zum Genie\u00dfen.<\/p>\n<table border=\"0\" width=\"60%\" cellspacing=\"0\" cellpadding=\"0\" align=\"left\">\n<tbody>\n<tr>\n<td width=\"53%\">Artikelnummer:<\/td>\n<td width=\"47%\"><strong>17<\/strong><\/td>\n<\/tr>\n<tr>\n<td>Inhalt<\/td>\n<td><strong>0,75 Ltr.<\/strong><\/td>\n<\/tr>\n<tr>\n<td>Preis\/Ltr.<\/td>\n<td><strong>8,67 EUR pro Ltr.<\/strong><\/td>\n<\/tr>\n<tr>\n<td>Weinart:<\/td>\n<td><strong>Wei\u00dfwein<\/strong><\/td>\n<\/tr>\n<tr>\n<td>Qualit\u00e4tsstufe<\/td>\n<td><strong>Qualit\u00e4tswein<\/strong><\/td>\n<\/tr>\n<tr>\n<td>Rebsorte<\/td>\n<td><strong>Bacchus<\/strong><\/td>\n<\/tr>\n<tr>\n<td>Restzuckergehalt<\/td>\n<td><strong>40 g\/Ltr.<\/strong><\/td>\n<\/tr>\n<tr>\n<td>Alkoholgehalt<\/td>\n<td><strong>10,5 Vol. %<\/strong><\/td>\n<\/tr>\n<tr>\n<td>enth\u00e4lt Allergene:<\/td>\n<td><strong>Sulfite<\/strong><\/td>\n<\/tr>\n<\/tbody>\n<\/table>\n<table class=\"bg-white mx-auto w-full border border-neutral-200\">\n<thead class=\"bg-neutral-100\">\n<tr>\n<th class=\"border border-neutral-200 px-2 h-10 text-xs font-normal text-left\">N\u00e4hrwertangaben je 100ml<\/th>\n<\/tr>\n<\/thead>\n<tbody>\n<tr>\n<td class=\"border border-neutral-200 p-2 text-xs font-normal text-neutral\">\n<div class=\"flex justify-between\">Brennwert337 kJ \/ 81 kcal<\/div>\n<\/td>\n<\/tr>\n<tr>\n<td class=\"border border-neutral-200 p-2 text-xs font-normal text-neutral\">\n<div class=\"flex justify-between\">Kohlenhydrate5,1 g<\/div>\n<\/td>\n<\/tr>\n<tr>\n<td class=\"border border-neutral-200 p-2 text-xs font-normal text-neutral\">\n<div class=\"flex justify-between\">davon Zucker4,2 g<\/div>\n<\/td>\n<\/tr>\n<tr>\n<td class=\"border border-neutral-200 px-2 py-1 text-xs font-normal text-neutral\">Enth\u00e4lt geringf\u00fcgige Mengen von: Fett, ges\u00e4ttigten Fetts\u00e4uren, Eiwei\u00df und Salz<\/td>\n<\/tr>\n<\/tbody>\n<\/table>\n","protected":false},"excerpt":{"rendered":"<p>Dieser Bacchus lieblich besticht durch seine aromatische Frische und weiche S\u00fc\u00dfe. Im Glas zeigt er ein helles Gelb mit zarten gr\u00fcnen Reflexen. In der Nase entfalten sich Aromen von Muskat, Holunderbl\u00fcte, reifer Birne und einem Hauch Zitrus. Am Gaumen wirkt der Wein saftig, lebendig und harmonisch. Die feine Rests\u00fc\u00dfe unterstreicht die fruchtigen Noten, w\u00e4hrend die [&hellip;]<\/p>\n","protected":false},"featured_media":11255,"template":"","meta":{"_acf_changed":false},"product_brand":[],"product_cat":[287],"product_tag":[],"class_list":{"0":"post-10434","1":"product","2":"type-product","3":"status-publish","4":"has-post-thumbnail","6":"product_cat-weisswein-lieblich","8":"first","9":"instock","10":"taxable","11":"shipping-taxable","12":"purchasable","13":"product-type-simple"},"acf":[],"_links":{"self":[{"href":"https:\/\/www.espenschiedwein.de\/shop\/wp-json\/wp\/v2\/product\/10434","targetHints":{"allow":["GET"]}}],"collection":[{"href":"https:\/\/www.espenschiedwein.de\/shop\/wp-json\/wp\/v2\/product"}],"about":[{"href":"https:\/\/www.espenschiedwein.de\/shop\/wp-json\/wp\/v2\/types\/product"}],"wp:featuredmedia":[{"embeddable":true,"href":"https:\/\/www.espenschiedwein.de\/shop\/wp-json\/wp\/v2\/media\/11255"}],"wp:attachment":[{"href":"https:\/\/www.espenschiedwein.de\/shop\/wp-json\/wp\/v2\/media?parent=10434"}],"wp:term":[{"taxonomy":"product_brand","embeddable":true,"href":"https:\/\/www.espenschiedwein.de\/shop\/wp-json\/wp\/v2\/product_brand?post=10434"},{"taxonomy":"product_cat","embeddable":true,"href":"https:\/\/www.espenschiedwein.de\/shop\/wp-json\/wp\/v2\/product_cat?post=10434"},{"taxonomy":"product_tag","embeddable":true,"href":"https:\/\/www.espenschiedwein.de\/shop\/wp-json\/wp\/v2\/product_tag?post=10434"}],"curies":[{"name":"wp","href":"https:\/\/api.w.org\/{rel}","templated":true}]}}