{"id":10431,"date":"2024-03-06T12:49:24","date_gmt":"2024-03-06T11:49:24","guid":{"rendered":"https:\/\/www.espenschiedwein.de\/shop\/?post_type=product&#038;p=10431"},"modified":"2026-02-03T11:36:37","modified_gmt":"2026-02-03T10:36:37","slug":"weissburgunder-trocken","status":"publish","type":"product","link":"https:\/\/www.espenschiedwein.de\/shop\/produkt\/weissburgunder-trocken\/","title":{"rendered":"Wei\u00dfburgunder trocken"},"content":{"rendered":"<p><!-- IBGHTML --><!-- IBGHTML --><\/p>\n<p data-start=\"123\" data-end=\"432\">Dieser Wei\u00dfburgunder pr\u00e4sentiert sich elegant und harmonisch mit einer feinen, klaren Aromatik. Im Glas leuchtet er hellgelb mit zarten goldenen Reflexen. In der Nase zeigen sich Noten von reifer Birne, Apfel und wei\u00dfem Pfirsich, erg\u00e4nzt durch einen Hauch von Zitrusfrucht, Mandeln und dezent florale Nuancen.<\/p>\n<p data-start=\"434\" data-end=\"653\">Am Gaumen wirkt der Wein frisch und ausgewogen. Eine milde, gut eingebundene S\u00e4ure trifft auf eine cremige Textur und verleiht dem Wei\u00dfburgunder F\u00fclle und Eleganz. Der Abgang ist rund, feinw\u00fcrzig und angenehm anhaltend.<\/p>\n<p data-start=\"655\" data-end=\"803\">Ein vielseitiger, trockener Wei\u00dfburgunder \u2013 ideal als Begleiter zu Fisch, Gefl\u00fcgel, Pasta mit hellen Saucen oder einfach solo als stilvoller Genuss.<\/p>\n<p>&nbsp;<\/p>\n<table border=\"0\" width=\"60%\" cellspacing=\"0\" cellpadding=\"0\" align=\"left\">\n<tbody>\n<tr>\n<td width=\"53%\">Artikelnummer:<\/td>\n<td width=\"47%\"><strong>12<\/strong><\/td>\n<\/tr>\n<tr>\n<td>Inhalt<\/td>\n<td><strong>0,75 Ltr.<\/strong><\/td>\n<\/tr>\n<tr>\n<td>Preis\/Ltr.<\/td>\n<td><strong>8,27 EUR pro Ltr.<\/strong><\/td>\n<\/tr>\n<tr>\n<td>Weinart:<\/td>\n<td><strong>Wei\u00dfwein<\/strong><\/td>\n<\/tr>\n<tr>\n<td>Qualit\u00e4tsstufe<\/td>\n<td><strong>Qualit\u00e4tswein<\/strong><\/td>\n<\/tr>\n<tr>\n<td>Rebsorte<\/td>\n<td><strong>Wei\u00dfburgunder<\/strong><\/td>\n<\/tr>\n<tr>\n<td>Restzuckergehalt<\/td>\n<td><strong>6 g\/Ltr.<\/strong><\/td>\n<\/tr>\n<tr>\n<td>Alkoholgehalt<\/td>\n<td><strong>11,5 Vol. %<\/strong><\/td>\n<\/tr>\n<tr>\n<td>enth\u00e4lt Allergene:<\/td>\n<td><strong>Sulfite<\/strong><\/td>\n<\/tr>\n<\/tbody>\n<\/table>\n<table class=\"bg-white mx-auto w-full border border-neutral-200\">\n<thead class=\"bg-neutral-100\">\n<tr>\n<th class=\"border border-neutral-200 px-2 h-10 text-xs font-normal text-left\">N\u00e4hrwertangaben je 100ml<\/th>\n<\/tr>\n<\/thead>\n<tbody>\n<tr>\n<td class=\"border border-neutral-200 p-2 text-xs font-normal text-neutral\">\n<div class=\"flex justify-between\">Brennwert295 kJ \/ 71 kcal<\/div>\n<\/td>\n<\/tr>\n<tr>\n<td class=\"border border-neutral-200 p-2 text-xs font-normal text-neutral\">\n<div class=\"flex justify-between\">Kohlenhydrate 1,5 g<\/div>\n<\/td>\n<\/tr>\n<tr>\n<td class=\"border border-neutral-200 p-2 text-xs font-normal text-neutral\">\n<div class=\"flex justify-between\">davon Zucker 0,5 g<\/div>\n<\/td>\n<\/tr>\n<tr>\n<td class=\"border border-neutral-200 px-2 py-1 text-xs font-normal text-neutral\">Enth\u00e4lt geringf\u00fcgige Mengen von: Fett, ges\u00e4ttigten Fetts\u00e4uren, Eiwei\u00df und Salz<\/td>\n<\/tr>\n<\/tbody>\n<\/table>\n","protected":false},"excerpt":{"rendered":"<p>Dieser Wei\u00dfburgunder pr\u00e4sentiert sich elegant und harmonisch mit einer feinen, klaren Aromatik. Im Glas leuchtet er hellgelb mit zarten goldenen Reflexen. In der Nase zeigen sich Noten von reifer Birne, Apfel und wei\u00dfem Pfirsich, erg\u00e4nzt durch einen Hauch von Zitrusfrucht, Mandeln und dezent florale Nuancen. Am Gaumen wirkt der Wein frisch und ausgewogen. Eine milde, [&hellip;]<\/p>\n","protected":false},"featured_media":11261,"template":"","meta":{"_acf_changed":false},"product_brand":[],"product_cat":[286],"product_tag":[],"class_list":{"0":"post-10431","1":"product","2":"type-product","3":"status-publish","4":"has-post-thumbnail","6":"product_cat-weisswein-trocken","8":"first","9":"instock","10":"taxable","11":"shipping-taxable","12":"purchasable","13":"product-type-simple"},"acf":[],"_links":{"self":[{"href":"https:\/\/www.espenschiedwein.de\/shop\/wp-json\/wp\/v2\/product\/10431","targetHints":{"allow":["GET"]}}],"collection":[{"href":"https:\/\/www.espenschiedwein.de\/shop\/wp-json\/wp\/v2\/product"}],"about":[{"href":"https:\/\/www.espenschiedwein.de\/shop\/wp-json\/wp\/v2\/types\/product"}],"wp:featuredmedia":[{"embeddable":true,"href":"https:\/\/www.espenschiedwein.de\/shop\/wp-json\/wp\/v2\/media\/11261"}],"wp:attachment":[{"href":"https:\/\/www.espenschiedwein.de\/shop\/wp-json\/wp\/v2\/media?parent=10431"}],"wp:term":[{"taxonomy":"product_brand","embeddable":true,"href":"https:\/\/www.espenschiedwein.de\/shop\/wp-json\/wp\/v2\/product_brand?post=10431"},{"taxonomy":"product_cat","embeddable":true,"href":"https:\/\/www.espenschiedwein.de\/shop\/wp-json\/wp\/v2\/product_cat?post=10431"},{"taxonomy":"product_tag","embeddable":true,"href":"https:\/\/www.espenschiedwein.de\/shop\/wp-json\/wp\/v2\/product_tag?post=10431"}],"curies":[{"name":"wp","href":"https:\/\/api.w.org\/{rel}","templated":true}]}}