{"id":10430,"date":"2024-03-06T12:49:22","date_gmt":"2024-03-06T11:49:22","guid":{"rendered":"https:\/\/www.espenschiedwein.de\/shop\/?post_type=product&#038;p=10430"},"modified":"2026-02-03T11:42:13","modified_gmt":"2026-02-03T10:42:13","slug":"grauburgunder-trocken","status":"publish","type":"product","link":"https:\/\/www.espenschiedwein.de\/shop\/produkt\/grauburgunder-trocken\/","title":{"rendered":"Grauburgunder trocken"},"content":{"rendered":"<p data-start=\"118\" data-end=\"395\">Dieser Grauburgunder zeigt sich kraftvoll und zugleich elegant. Im Glas schimmert er hellgolden mit leicht kupferfarbenen Reflexen. In der Nase entfalten sich Aromen von reifer Birne, gelbem Apfel und Aprikose, begleitet von nussigen Noten, einem Hauch Mandel und feiner W\u00fcrze.<\/p>\n<p data-start=\"397\" data-end=\"658\">Am Gaumen pr\u00e4sentiert sich der Wein trocken, vollmundig und harmonisch. Eine moderate S\u00e4urestruktur verbindet sich mit einer saftigen Frucht und einer cremigen Textur. Der Grauburgunder \u00fcberzeugt mit Tiefe, Struktur und einem langen, angenehm w\u00fcrzigen Nachhall.<\/p>\n<p data-start=\"660\" data-end=\"768\">Ein vielseitiger, charakterstarker Wein \u2013 ideal zu Pasta, Risotto, Gefl\u00fcgel, Pilzgerichten oder mildem K\u00e4se.<\/p>\n<p>&nbsp;<\/p>\n<table border=\"0\" width=\"60%\" cellspacing=\"0\" cellpadding=\"0\" align=\"left\">\n<tbody>\n<tr>\n<td width=\"53%\">Artikelnummer:<\/td>\n<td width=\"47%\"><strong>11<\/strong><\/td>\n<\/tr>\n<tr>\n<td>Inhalt<\/td>\n<td><strong>0,75 Ltr.<\/strong><\/td>\n<\/tr>\n<tr>\n<td>Preis\/Ltr.<\/td>\n<td><strong>8,27 EUR pro Ltr.<\/strong><\/td>\n<\/tr>\n<tr>\n<td>Weinart:<\/td>\n<td><strong>Wei\u00dfwein<\/strong><\/td>\n<\/tr>\n<tr>\n<td>Qualit\u00e4tsstufe<\/td>\n<td><strong>Qualit\u00e4tswein<\/strong><\/td>\n<\/tr>\n<tr>\n<td>Rebsorte<\/td>\n<td><strong>Grauburgunder<\/strong><\/td>\n<\/tr>\n<tr>\n<td>Restzuckergehalt<\/td>\n<td><strong>6 g\/Ltr.<\/strong><\/td>\n<\/tr>\n<tr>\n<td>Alkoholgehalt<\/td>\n<td><strong>12,0 Vol. %<\/strong><\/td>\n<\/tr>\n<tr>\n<td>enth\u00e4lt Allergene:<\/td>\n<td><strong>Sulfite<\/strong><\/td>\n<\/tr>\n<\/tbody>\n<\/table>\n<table class=\"bg-white mx-auto w-full border border-neutral-200\">\n<thead class=\"bg-neutral-100\">\n<tr>\n<th class=\"border border-neutral-200 px-2 h-10 text-xs font-normal text-left\">N\u00e4hrwertangaben je 100ml<\/th>\n<\/tr>\n<\/thead>\n<tbody>\n<tr>\n<td class=\"border border-neutral-200 p-2 text-xs font-normal text-neutral\">\n<div class=\"flex justify-between\">Brennwert308 kJ \/ 73 kcal<\/div>\n<\/td>\n<\/tr>\n<tr>\n<td class=\"border border-neutral-200 p-2 text-xs font-normal text-neutral\">\n<div class=\"flex justify-between\">Kohlenhydrate1,5 g<\/div>\n<\/td>\n<\/tr>\n<tr>\n<td class=\"border border-neutral-200 p-2 text-xs font-normal text-neutral\">\n<div class=\"flex justify-between\">davon Zucker0,5 g<\/div>\n<\/td>\n<\/tr>\n<tr>\n<td class=\"border border-neutral-200 px-2 py-1 text-xs font-normal text-neutral\">Enth\u00e4lt geringf\u00fcgige Mengen von: Fett, ges\u00e4ttigten Fetts\u00e4uren, Eiwei\u00df und Salz<\/td>\n<\/tr>\n<\/tbody>\n<\/table>\n","protected":false},"excerpt":{"rendered":"<p>Dieser Grauburgunder zeigt sich kraftvoll und zugleich elegant. Im Glas schimmert er hellgolden mit leicht kupferfarbenen Reflexen. In der Nase entfalten sich Aromen von reifer Birne, gelbem Apfel und Aprikose, begleitet von nussigen Noten, einem Hauch Mandel und feiner W\u00fcrze. Am Gaumen pr\u00e4sentiert sich der Wein trocken, vollmundig und harmonisch. Eine moderate S\u00e4urestruktur verbindet sich [&hellip;]<\/p>\n","protected":false},"featured_media":11264,"template":"","meta":{"_acf_changed":false},"product_brand":[],"product_cat":[286],"product_tag":[],"class_list":{"0":"post-10430","1":"product","2":"type-product","3":"status-publish","4":"has-post-thumbnail","6":"product_cat-weisswein-trocken","8":"first","9":"instock","10":"taxable","11":"shipping-taxable","12":"purchasable","13":"product-type-simple"},"acf":[],"_links":{"self":[{"href":"https:\/\/www.espenschiedwein.de\/shop\/wp-json\/wp\/v2\/product\/10430","targetHints":{"allow":["GET"]}}],"collection":[{"href":"https:\/\/www.espenschiedwein.de\/shop\/wp-json\/wp\/v2\/product"}],"about":[{"href":"https:\/\/www.espenschiedwein.de\/shop\/wp-json\/wp\/v2\/types\/product"}],"wp:featuredmedia":[{"embeddable":true,"href":"https:\/\/www.espenschiedwein.de\/shop\/wp-json\/wp\/v2\/media\/11264"}],"wp:attachment":[{"href":"https:\/\/www.espenschiedwein.de\/shop\/wp-json\/wp\/v2\/media?parent=10430"}],"wp:term":[{"taxonomy":"product_brand","embeddable":true,"href":"https:\/\/www.espenschiedwein.de\/shop\/wp-json\/wp\/v2\/product_brand?post=10430"},{"taxonomy":"product_cat","embeddable":true,"href":"https:\/\/www.espenschiedwein.de\/shop\/wp-json\/wp\/v2\/product_cat?post=10430"},{"taxonomy":"product_tag","embeddable":true,"href":"https:\/\/www.espenschiedwein.de\/shop\/wp-json\/wp\/v2\/product_tag?post=10430"}],"curies":[{"name":"wp","href":"https:\/\/api.w.org\/{rel}","templated":true}]}}