{"id":10428,"date":"2024-03-06T12:49:16","date_gmt":"2024-03-06T11:49:16","guid":{"rendered":"https:\/\/www.espenschiedwein.de\/shop\/?post_type=product&#038;p=10428"},"modified":"2026-02-03T11:54:23","modified_gmt":"2026-02-03T10:54:23","slug":"grauburgunder-halbtrocken","status":"publish","type":"product","link":"https:\/\/www.espenschiedwein.de\/shop\/produkt\/grauburgunder-halbtrocken\/","title":{"rendered":"Grauburgunder halbtrocken"},"content":{"rendered":"<p data-start=\"135\" data-end=\"441\">Dieser Grauburgunder begeistert mit seiner sanften Frucht und einem ausgewogenen Zusammenspiel von S\u00fc\u00dfe und S\u00e4ure. Im Glas zeigt er sich hellgolden mit warmen Reflexen. In der Nase entfalten sich Aromen von reifer Birne, gelbem Apfel und Aprikose, begleitet von feinen nussigen Noten und einem Hauch Honig.<\/p>\n<p data-start=\"443\" data-end=\"689\">Am Gaumen wirkt der Wein rund, saftig und harmonisch. Die dezente Rests\u00fc\u00dfe unterstreicht die Fruchtaromen, w\u00e4hrend eine milde S\u00e4ure f\u00fcr Frische und Trinkfluss sorgt. Der Grauburgunder zeigt sich weich, vollmundig und angenehm anhaltend im Abgang.<\/p>\n<p data-start=\"691\" data-end=\"832\">Ein charmanter, unkomplizierter Wein \u2013 ideal als Begleiter zu mild-w\u00fcrzigen Gerichten, Gefl\u00fcgel, Pasta oder einfach zum entspannten Genie\u00dfen.<\/p>\n<table border=\"0\" width=\"60%\" cellspacing=\"0\" cellpadding=\"0\" align=\"left\">\n<tbody>\n<tr>\n<td width=\"53%\">Artikelnummer:<\/td>\n<td width=\"47%\"><strong>9<\/strong><\/td>\n<\/tr>\n<tr>\n<td>Inhalt<\/td>\n<td><strong>0,75 Ltr.<\/strong><\/td>\n<\/tr>\n<tr>\n<td>Preis\/Ltr.<\/td>\n<td><strong>8,27 EUR pro Ltr.<\/strong><\/td>\n<\/tr>\n<tr>\n<td>Weinart:<\/td>\n<td><strong>Wei\u00dfwein<\/strong><\/td>\n<\/tr>\n<tr>\n<td>Qualit\u00e4tsstufe<\/td>\n<td><strong>Qualit\u00e4tswein<\/strong><\/td>\n<\/tr>\n<tr>\n<td>Rebsorte<\/td>\n<td><strong>Grauburgunder<\/strong><\/td>\n<\/tr>\n<tr>\n<td>Restzuckergehalt<\/td>\n<td><strong>12 g\/Ltr.<\/strong><\/td>\n<\/tr>\n<tr>\n<td>Alkoholgehalt<\/td>\n<td><strong>11,5 Vol. %<\/strong><\/td>\n<\/tr>\n<tr>\n<td>enth\u00e4lt Allergene:<\/td>\n<td><strong>Sulfite<\/strong><\/td>\n<\/tr>\n<\/tbody>\n<\/table>\n<table class=\"bg-white mx-auto w-full border border-neutral-200\">\n<thead class=\"bg-neutral-100\">\n<tr>\n<th class=\"border border-neutral-200 px-2 h-10 text-xs font-normal text-left\">N\u00e4hrwertangaben je 100ml<\/th>\n<\/tr>\n<\/thead>\n<tbody>\n<tr>\n<td class=\"border border-neutral-200 p-2 text-xs font-normal text-neutral\">\n<div class=\"flex justify-between\">Brennwert323 kJ \/ 77 kcal<\/div>\n<\/td>\n<\/tr>\n<tr>\n<td class=\"border border-neutral-200 p-2 text-xs font-normal text-neutral\">\n<div class=\"flex justify-between\">Kohlenhydrate2,4 g<\/div>\n<\/td>\n<\/tr>\n<tr>\n<td class=\"border border-neutral-200 p-2 text-xs font-normal text-neutral\">\n<div class=\"flex justify-between\">davon Zucker1,2 g<\/div>\n<\/td>\n<\/tr>\n<tr>\n<td class=\"border border-neutral-200 px-2 py-1 text-xs font-normal text-neutral\">Enth\u00e4lt geringf\u00fcgige Mengen von: Fett, ges\u00e4ttigten Fetts\u00e4uren, Eiwei\u00df und Salz<\/td>\n<\/tr>\n<\/tbody>\n<\/table>\n","protected":false},"excerpt":{"rendered":"<p>Dieser Grauburgunder begeistert mit seiner sanften Frucht und einem ausgewogenen Zusammenspiel von S\u00fc\u00dfe und S\u00e4ure. Im Glas zeigt er sich hellgolden mit warmen Reflexen. In der Nase entfalten sich Aromen von reifer Birne, gelbem Apfel und Aprikose, begleitet von feinen nussigen Noten und einem Hauch Honig. Am Gaumen wirkt der Wein rund, saftig und harmonisch. [&hellip;]<\/p>\n","protected":false},"featured_media":11270,"template":"","meta":{"_acf_changed":false},"product_brand":[],"product_cat":[285],"product_tag":[],"class_list":{"0":"post-10428","1":"product","2":"type-product","3":"status-publish","4":"has-post-thumbnail","6":"product_cat-weisswein-halbtrocken","8":"first","9":"instock","10":"taxable","11":"shipping-taxable","12":"purchasable","13":"product-type-simple"},"acf":[],"_links":{"self":[{"href":"https:\/\/www.espenschiedwein.de\/shop\/wp-json\/wp\/v2\/product\/10428","targetHints":{"allow":["GET"]}}],"collection":[{"href":"https:\/\/www.espenschiedwein.de\/shop\/wp-json\/wp\/v2\/product"}],"about":[{"href":"https:\/\/www.espenschiedwein.de\/shop\/wp-json\/wp\/v2\/types\/product"}],"wp:featuredmedia":[{"embeddable":true,"href":"https:\/\/www.espenschiedwein.de\/shop\/wp-json\/wp\/v2\/media\/11270"}],"wp:attachment":[{"href":"https:\/\/www.espenschiedwein.de\/shop\/wp-json\/wp\/v2\/media?parent=10428"}],"wp:term":[{"taxonomy":"product_brand","embeddable":true,"href":"https:\/\/www.espenschiedwein.de\/shop\/wp-json\/wp\/v2\/product_brand?post=10428"},{"taxonomy":"product_cat","embeddable":true,"href":"https:\/\/www.espenschiedwein.de\/shop\/wp-json\/wp\/v2\/product_cat?post=10428"},{"taxonomy":"product_tag","embeddable":true,"href":"https:\/\/www.espenschiedwein.de\/shop\/wp-json\/wp\/v2\/product_tag?post=10428"}],"curies":[{"name":"wp","href":"https:\/\/api.w.org\/{rel}","templated":true}]}}