{"id":10427,"date":"2024-03-06T12:49:13","date_gmt":"2024-03-06T11:49:13","guid":{"rendered":"https:\/\/www.espenschiedwein.de\/shop\/?post_type=product&#038;p=10427"},"modified":"2026-02-03T11:55:08","modified_gmt":"2026-02-03T10:55:08","slug":"silvaner-halbtrocken","status":"publish","type":"product","link":"https:\/\/www.espenschiedwein.de\/shop\/produkt\/silvaner-halbtrocken\/","title":{"rendered":"Silvaner halbtrocken"},"content":{"rendered":"<p><!-- IBGHTML --><\/p>\n<p data-start=\"122\" data-end=\"398\">Dieser Silvaner halbtrocken \u00fcberzeugt mit seiner milden, harmonischen Art und einer feinen Fruchtigkeit. Im Glas zeigt er sich hellgelb mit gr\u00fcnlichen Reflexen. In der Nase entfalten sich Aromen von Apfel, Birne und zarten Kr\u00e4utern, begleitet von einer dezenten floralen Note.<\/p>\n<p data-start=\"400\" data-end=\"654\">Am Gaumen pr\u00e4sentiert sich der Wein weich und ausgewogen. Die feine Rests\u00fc\u00dfe unterstreicht die Fruchtaromen, w\u00e4hrend die moderate S\u00e4ure f\u00fcr Frische und Trinkfluss sorgt. Der Silvaner wirkt rund, angenehm leicht und endet in einem sauberen, milden Abgang.<\/p>\n<p data-start=\"656\" data-end=\"794\">Ein unkomplizierter, vielseitiger Wein \u2013 ideal zu leichten Speisen, Salaten, Fisch, Gem\u00fcsegerichten oder einfach zum entspannten Genie\u00dfen.<\/p>\n<table border=\"0\" width=\"60%\" cellspacing=\"0\" cellpadding=\"0\" align=\"left\">\n<tbody>\n<tr>\n<td width=\"53%\">Artikelnummer:<\/td>\n<td width=\"47%\"><strong>8<\/strong><\/td>\n<\/tr>\n<tr>\n<td>Inhalt<\/td>\n<td><strong>1,0 Ltr.<\/strong><\/td>\n<\/tr>\n<tr>\n<td>Preis\/Ltr.<\/td>\n<td><strong>4,90 EUR pro Ltr.<\/strong><\/td>\n<\/tr>\n<tr>\n<td>Weinart:<\/td>\n<td><strong>Wei\u00dfwein<\/strong><\/td>\n<\/tr>\n<tr>\n<td>Qualit\u00e4tsstufe<\/td>\n<td><strong>Qualit\u00e4tswein<\/strong><\/td>\n<\/tr>\n<tr>\n<td>Rebsorte<\/td>\n<td><strong>Silvaner<\/strong><\/td>\n<\/tr>\n<tr>\n<td>Restzuckergehalt<\/td>\n<td><strong>12 g\/Ltr.<\/strong><\/td>\n<\/tr>\n<tr>\n<td>Alkoholgehalt<\/td>\n<td><strong>12,0 Vol. %<\/strong><\/td>\n<\/tr>\n<tr>\n<td>enth\u00e4lt Allergene:<\/td>\n<td><strong>Sulfite<\/strong><\/td>\n<\/tr>\n<\/tbody>\n<\/table>\n<table class=\"bg-white mx-auto w-full border border-neutral-200\">\n<thead class=\"bg-neutral-100\">\n<tr>\n<th class=\"border border-neutral-200 px-2 h-10 text-xs font-normal text-left\">N\u00e4hrwertangaben je 100ml<\/th>\n<\/tr>\n<\/thead>\n<tbody>\n<tr>\n<td class=\"border border-neutral-200 p-2 text-xs font-normal text-neutral\">\n<div class=\"flex justify-between\">Brennwert303 kJ \/ 73 kcal<\/div>\n<\/td>\n<\/tr>\n<tr>\n<td class=\"border border-neutral-200 p-2 text-xs font-normal text-neutral\">\n<div class=\"flex justify-between\">Kohlenhydrate2,2 g<\/div>\n<\/td>\n<\/tr>\n<tr>\n<td class=\"border border-neutral-200 p-2 text-xs font-normal text-neutral\">\n<div class=\"flex justify-between\">davon Zucker1,2 g<\/div>\n<\/td>\n<\/tr>\n<tr>\n<td class=\"border border-neutral-200 px-2 py-1 text-xs font-normal text-neutral\">Enth\u00e4lt geringf\u00fcgige Mengen von: Fett, ges\u00e4ttigten Fetts\u00e4uren, Eiwei\u00df und Salz<\/td>\n<\/tr>\n<\/tbody>\n<\/table>\n","protected":false},"excerpt":{"rendered":"<p>Dieser Silvaner halbtrocken \u00fcberzeugt mit seiner milden, harmonischen Art und einer feinen Fruchtigkeit. Im Glas zeigt er sich hellgelb mit gr\u00fcnlichen Reflexen. In der Nase entfalten sich Aromen von Apfel, Birne und zarten Kr\u00e4utern, begleitet von einer dezenten floralen Note. Am Gaumen pr\u00e4sentiert sich der Wein weich und ausgewogen. Die feine Rests\u00fc\u00dfe unterstreicht die Fruchtaromen, [&hellip;]<\/p>\n","protected":false},"featured_media":11274,"template":"","meta":{"_acf_changed":false},"product_brand":[],"product_cat":[285],"product_tag":[],"class_list":{"0":"post-10427","1":"product","2":"type-product","3":"status-publish","4":"has-post-thumbnail","6":"product_cat-weisswein-halbtrocken","8":"first","9":"instock","10":"taxable","11":"shipping-taxable","12":"purchasable","13":"product-type-simple"},"acf":[],"_links":{"self":[{"href":"https:\/\/www.espenschiedwein.de\/shop\/wp-json\/wp\/v2\/product\/10427","targetHints":{"allow":["GET"]}}],"collection":[{"href":"https:\/\/www.espenschiedwein.de\/shop\/wp-json\/wp\/v2\/product"}],"about":[{"href":"https:\/\/www.espenschiedwein.de\/shop\/wp-json\/wp\/v2\/types\/product"}],"wp:featuredmedia":[{"embeddable":true,"href":"https:\/\/www.espenschiedwein.de\/shop\/wp-json\/wp\/v2\/media\/11274"}],"wp:attachment":[{"href":"https:\/\/www.espenschiedwein.de\/shop\/wp-json\/wp\/v2\/media?parent=10427"}],"wp:term":[{"taxonomy":"product_brand","embeddable":true,"href":"https:\/\/www.espenschiedwein.de\/shop\/wp-json\/wp\/v2\/product_brand?post=10427"},{"taxonomy":"product_cat","embeddable":true,"href":"https:\/\/www.espenschiedwein.de\/shop\/wp-json\/wp\/v2\/product_cat?post=10427"},{"taxonomy":"product_tag","embeddable":true,"href":"https:\/\/www.espenschiedwein.de\/shop\/wp-json\/wp\/v2\/product_tag?post=10427"}],"curies":[{"name":"wp","href":"https:\/\/api.w.org\/{rel}","templated":true}]}}