{"id":10426,"date":"2024-03-06T12:49:10","date_gmt":"2024-03-06T11:49:10","guid":{"rendered":"https:\/\/www.espenschiedwein.de\/shop\/?post_type=product&#038;p=10426"},"modified":"2026-02-03T11:56:14","modified_gmt":"2026-02-03T10:56:14","slug":"roetlich-feinherb","status":"publish","type":"product","link":"https:\/\/www.espenschiedwein.de\/shop\/produkt\/roetlich-feinherb\/","title":{"rendered":"R\u00f6tlich feinherb"},"content":{"rendered":"<p data-start=\"159\" data-end=\"480\">Dieser R\u00f6tlich schimmernde Wein begeistert mit seiner frischen, fruchtbetonten Art und einer harmonischen Rests\u00fc\u00dfe. Im Glas zeigt er sich in hellem Ros\u00e9 mit leicht rubinfarbenen Nuancen. In der Nase entfalten sich Aromen von roten Beeren, Erdbeeren und Himbeeren, begleitet von einem Hauch Kirsche und floralen Ankl\u00e4ngen.<\/p>\n<p data-start=\"482\" data-end=\"728\">Am Gaumen pr\u00e4sentiert sich der Wein saftig, lebendig und ausgewogen. Die feine S\u00fc\u00dfe unterstreicht die fruchtige Aromatik, w\u00e4hrend eine erfrischende S\u00e4ure f\u00fcr Leichtigkeit und Trinkfluss sorgt. Der Abgang ist weich, frisch und angenehm animierend.<\/p>\n<p data-start=\"730\" data-end=\"864\">Ein unkomplizierter, charmanter Wein \u2013 ideal gut gek\u00fchlt als Aperitif, zu leichten Speisen oder f\u00fcr genussvolle Momente zwischendurch.<\/p>\n<table border=\"0\" width=\"60%\" cellspacing=\"0\" cellpadding=\"0\" align=\"left\">\n<tbody>\n<tr>\n<td width=\"53%\">Artikelnummer:<\/td>\n<td width=\"47%\"><strong>7<\/strong><\/td>\n<\/tr>\n<tr>\n<td>Inhalt<\/td>\n<td><strong>0,75 Ltr.<\/strong><\/td>\n<\/tr>\n<tr>\n<td>Preis\/Ltr.<\/td>\n<td><strong>8,27 EUR pro Ltr.<\/strong><\/td>\n<\/tr>\n<tr>\n<td>Weinart:<\/td>\n<td><strong>Rotling<\/strong><\/td>\n<\/tr>\n<tr>\n<td>Qualit\u00e4tsstufe<\/td>\n<td><strong>Deutscher Wein<\/strong><\/td>\n<\/tr>\n<tr>\n<td>Rebsorte<\/td>\n<td><\/td>\n<\/tr>\n<tr>\n<td>Restzuckergehalt<\/td>\n<td><strong>23 g\/Ltr.<\/strong><\/td>\n<\/tr>\n<tr>\n<td>Alkoholgehalt<\/td>\n<td><strong>9,5 Vol. %<\/strong><\/td>\n<\/tr>\n<tr>\n<td>enth\u00e4lt Allergene:<\/td>\n<td><strong>Sulfite<\/strong><\/td>\n<\/tr>\n<\/tbody>\n<\/table>\n<table class=\"bg-white mx-auto w-full border border-neutral-200\">\n<thead class=\"bg-neutral-100\">\n<tr>\n<th class=\"border border-neutral-200 px-2 h-10 text-xs font-normal text-left\">N\u00e4hrwertangaben je 100ml<\/th>\n<\/tr>\n<\/thead>\n<tbody>\n<tr>\n<td class=\"border border-neutral-200 p-2 text-xs font-normal text-neutral\">\n<div class=\"flex justify-between\">Brennwert304 kJ \/ 73 kcal<\/div>\n<\/td>\n<\/tr>\n<tr>\n<td class=\"border border-neutral-200 p-2 text-xs font-normal text-neutral\">\n<div class=\"flex justify-between\">Kohlenhydrate5,2 g<\/div>\n<\/td>\n<\/tr>\n<tr>\n<td class=\"border border-neutral-200 p-2 text-xs font-normal text-neutral\">\n<div class=\"flex justify-between\">davon Zucker3,4 g<\/div>\n<\/td>\n<\/tr>\n<tr>\n<td class=\"border border-neutral-200 px-2 py-1 text-xs font-normal text-neutral\">Enth\u00e4lt geringf\u00fcgige Mengen von: Fett, ges\u00e4ttigten Fetts\u00e4uren, Eiwei\u00df und Salz<\/td>\n<\/tr>\n<\/tbody>\n<\/table>\n","protected":false},"excerpt":{"rendered":"<p>Dieser R\u00f6tlich schimmernde Wein begeistert mit seiner frischen, fruchtbetonten Art und einer harmonischen Rests\u00fc\u00dfe. Im Glas zeigt er sich in hellem Ros\u00e9 mit leicht rubinfarbenen Nuancen. In der Nase entfalten sich Aromen von roten Beeren, Erdbeeren und Himbeeren, begleitet von einem Hauch Kirsche und floralen Ankl\u00e4ngen. Am Gaumen pr\u00e4sentiert sich der Wein saftig, lebendig und [&hellip;]<\/p>\n","protected":false},"featured_media":11303,"template":"","meta":{"_acf_changed":false},"product_brand":[],"product_cat":[284],"product_tag":[],"class_list":{"0":"post-10426","1":"product","2":"type-product","3":"status-publish","4":"has-post-thumbnail","6":"product_cat-weissherbst-und-rosee","8":"first","9":"instock","10":"taxable","11":"shipping-taxable","12":"purchasable","13":"product-type-simple"},"acf":[],"_links":{"self":[{"href":"https:\/\/www.espenschiedwein.de\/shop\/wp-json\/wp\/v2\/product\/10426","targetHints":{"allow":["GET"]}}],"collection":[{"href":"https:\/\/www.espenschiedwein.de\/shop\/wp-json\/wp\/v2\/product"}],"about":[{"href":"https:\/\/www.espenschiedwein.de\/shop\/wp-json\/wp\/v2\/types\/product"}],"wp:featuredmedia":[{"embeddable":true,"href":"https:\/\/www.espenschiedwein.de\/shop\/wp-json\/wp\/v2\/media\/11303"}],"wp:attachment":[{"href":"https:\/\/www.espenschiedwein.de\/shop\/wp-json\/wp\/v2\/media?parent=10426"}],"wp:term":[{"taxonomy":"product_brand","embeddable":true,"href":"https:\/\/www.espenschiedwein.de\/shop\/wp-json\/wp\/v2\/product_brand?post=10426"},{"taxonomy":"product_cat","embeddable":true,"href":"https:\/\/www.espenschiedwein.de\/shop\/wp-json\/wp\/v2\/product_cat?post=10426"},{"taxonomy":"product_tag","embeddable":true,"href":"https:\/\/www.espenschiedwein.de\/shop\/wp-json\/wp\/v2\/product_tag?post=10426"}],"curies":[{"name":"wp","href":"https:\/\/api.w.org\/{rel}","templated":true}]}}