{"id":10425,"date":"2024-03-06T12:49:07","date_gmt":"2024-03-06T11:49:07","guid":{"rendered":"https:\/\/www.espenschiedwein.de\/shop\/?post_type=product&#038;p=10425"},"modified":"2026-02-03T11:57:06","modified_gmt":"2026-02-03T10:57:06","slug":"portugieser-weissherbst-lieblich","status":"publish","type":"product","link":"https:\/\/www.espenschiedwein.de\/shop\/produkt\/portugieser-weissherbst-lieblich\/","title":{"rendered":"Portugieser Wei\u00dfherbst lieblich"},"content":{"rendered":"<p data-start=\"125\" data-end=\"374\">Dieser Portugieser Wei\u00dfherbst \u00fcberzeugt mit Frische, Fruchtigkeit und Leichtigkeit. Im Glas zeigt er ein helles Rosa mit zarten Reflexen. In der Nase entfalten sich Aromen von Erdbeeren, Himbeeren und roten Johannisbeeren, erg\u00e4nzt durch dezente florale Noten.<\/p>\n<p data-start=\"376\" data-end=\"606\">Am Gaumen pr\u00e4sentiert sich der Wein lebendig, saftig und harmonisch. Eine feine S\u00e4ure sorgt f\u00fcr Frische, w\u00e4hrend die dezente Frucht den Wei\u00dfherbst zug\u00e4nglich und animierend macht. Der Abgang ist leicht, frisch und angenehm rund.<\/p>\n<p data-start=\"608\" data-end=\"727\">Ein unkomplizierter, charmanter Wein \u2013 ideal als Aperitif, zu leichten Speisen oder einfach gut gek\u00fchlt zum Genie\u00dfen.<\/p>\n<table border=\"0\" width=\"60%\" cellspacing=\"0\" cellpadding=\"0\" align=\"left\">\n<tbody>\n<tr>\n<td width=\"53%\">Artikelnummer:<\/td>\n<td width=\"47%\"><strong>6<\/strong><\/td>\n<\/tr>\n<tr>\n<td>Inhalt<\/td>\n<td><strong>0,75 Ltr.<\/strong><\/td>\n<\/tr>\n<tr>\n<td>Preis\/Ltr.<\/td>\n<td><strong>8,27 EUR pro Ltr.<\/strong><\/td>\n<\/tr>\n<tr>\n<td>Weinart:<\/td>\n<td><strong>Wei\u00dfherbst<\/strong><\/td>\n<\/tr>\n<tr>\n<td>Qualit\u00e4tsstufe<\/td>\n<td><strong>Qualit\u00e4tswein<\/strong><\/td>\n<\/tr>\n<tr>\n<td>Rebsorte<\/td>\n<td><strong>Portugieser<\/strong><\/td>\n<\/tr>\n<tr>\n<td>Restzuckergehalt<\/td>\n<td><strong>23 g\/Ltr.<\/strong><\/td>\n<\/tr>\n<tr>\n<td>Alkoholgehalt<\/td>\n<td><strong>10,0 Vol. %<\/strong><\/td>\n<\/tr>\n<tr>\n<td>enth\u00e4lt Allergene:<\/td>\n<td><strong>Sulfite<\/strong><\/td>\n<\/tr>\n<\/tbody>\n<\/table>\n<table class=\"bg-white mx-auto w-full border border-neutral-200\">\n<thead class=\"bg-neutral-100\">\n<tr>\n<th class=\"border border-neutral-200 px-2 h-10 text-xs font-normal text-left\">N\u00e4hrwertangaben je 100ml<\/th>\n<\/tr>\n<\/thead>\n<tbody>\n<tr>\n<td class=\"border border-neutral-200 p-2 text-xs font-normal text-neutral\">\n<div class=\"flex justify-between\">Brennwert301 kJ \/ 72 kcal<\/div>\n<\/td>\n<\/tr>\n<tr>\n<td class=\"border border-neutral-200 p-2 text-xs font-normal text-neutral\">\n<div class=\"flex justify-between\">Kohlenhydrate4,0 g<\/div>\n<\/td>\n<\/tr>\n<tr>\n<td class=\"border border-neutral-200 p-2 text-xs font-normal text-neutral\">\n<div class=\"flex justify-between\">davon Zucker2,0 g<\/div>\n<\/td>\n<\/tr>\n<tr>\n<td class=\"border border-neutral-200 px-2 py-1 text-xs font-normal text-neutral\">Enth\u00e4lt geringf\u00fcgige Mengen von: Fett, ges\u00e4ttigten Fetts\u00e4uren, Eiwei\u00df und Salz<\/td>\n<\/tr>\n<\/tbody>\n<\/table>\n","protected":false},"excerpt":{"rendered":"<p>Dieser Portugieser Wei\u00dfherbst \u00fcberzeugt mit Frische, Fruchtigkeit und Leichtigkeit. Im Glas zeigt er ein helles Rosa mit zarten Reflexen. In der Nase entfalten sich Aromen von Erdbeeren, Himbeeren und roten Johannisbeeren, erg\u00e4nzt durch dezente florale Noten. Am Gaumen pr\u00e4sentiert sich der Wein lebendig, saftig und harmonisch. Eine feine S\u00e4ure sorgt f\u00fcr Frische, w\u00e4hrend die dezente [&hellip;]<\/p>\n","protected":false},"featured_media":11306,"template":"","meta":{"_acf_changed":false},"product_brand":[],"product_cat":[284],"product_tag":[],"class_list":{"0":"post-10425","1":"product","2":"type-product","3":"status-publish","4":"has-post-thumbnail","6":"product_cat-weissherbst-und-rosee","8":"first","9":"instock","10":"taxable","11":"shipping-taxable","12":"purchasable","13":"product-type-simple"},"acf":[],"_links":{"self":[{"href":"https:\/\/www.espenschiedwein.de\/shop\/wp-json\/wp\/v2\/product\/10425","targetHints":{"allow":["GET"]}}],"collection":[{"href":"https:\/\/www.espenschiedwein.de\/shop\/wp-json\/wp\/v2\/product"}],"about":[{"href":"https:\/\/www.espenschiedwein.de\/shop\/wp-json\/wp\/v2\/types\/product"}],"wp:featuredmedia":[{"embeddable":true,"href":"https:\/\/www.espenschiedwein.de\/shop\/wp-json\/wp\/v2\/media\/11306"}],"wp:attachment":[{"href":"https:\/\/www.espenschiedwein.de\/shop\/wp-json\/wp\/v2\/media?parent=10425"}],"wp:term":[{"taxonomy":"product_brand","embeddable":true,"href":"https:\/\/www.espenschiedwein.de\/shop\/wp-json\/wp\/v2\/product_brand?post=10425"},{"taxonomy":"product_cat","embeddable":true,"href":"https:\/\/www.espenschiedwein.de\/shop\/wp-json\/wp\/v2\/product_cat?post=10425"},{"taxonomy":"product_tag","embeddable":true,"href":"https:\/\/www.espenschiedwein.de\/shop\/wp-json\/wp\/v2\/product_tag?post=10425"}],"curies":[{"name":"wp","href":"https:\/\/api.w.org\/{rel}","templated":true}]}}