{"id":10424,"date":"2024-03-06T12:49:04","date_gmt":"2024-03-06T11:49:04","guid":{"rendered":"https:\/\/www.espenschiedwein.de\/shop\/?post_type=product&#038;p=10424"},"modified":"2026-02-03T11:58:22","modified_gmt":"2026-02-03T10:58:22","slug":"dornfelder-lieblich","status":"publish","type":"product","link":"https:\/\/www.espenschiedwein.de\/shop\/produkt\/dornfelder-lieblich\/","title":{"rendered":"Dornfelder lieblich"},"content":{"rendered":"<p data-start=\"122\" data-end=\"453\">Dieser Dornfelder lieblich begeistert mit seiner intensiven Frucht und seiner weichen, schmeichelnden Art. Im Glas zeigt er sich in tiefem Rubinrot mit violetten Reflexen. In der Nase entfalten sich ausgepr\u00e4gte Aromen von reifen Kirschen, Brombeeren und schwarzen Johannisbeeren, begleitet von einem Hauch Vanille und feiner W\u00fcrze.<\/p>\n<p data-start=\"455\" data-end=\"690\">Am Gaumen pr\u00e4sentiert sich der Wein vollmundig, samtig und harmonisch. Die angenehme Rests\u00fc\u00dfe unterstreicht die dunkle Frucht, w\u00e4hrend eine milde S\u00e4ure f\u00fcr Balance und Trinkfluss sorgt. Der Abgang ist rund, fruchtig und lang anhaltend.<\/p>\n<p data-start=\"692\" data-end=\"812\">Ein zug\u00e4nglicher, charmanter Rotwein \u2013 ideal zu Desserts mit roten Fr\u00fcchten, mildem K\u00e4se oder einfach solo zum Genie\u00dfen.<\/p>\n<p>&nbsp;<\/p>\n<table border=\"0\" width=\"60%\" cellspacing=\"0\" cellpadding=\"0\" align=\"left\">\n<tbody>\n<tr>\n<td width=\"53%\">Artikelnummer:<\/td>\n<td width=\"47%\"><strong>5<\/strong><\/td>\n<\/tr>\n<tr>\n<td>Inhalt<\/td>\n<td><strong>0,75 Ltr.<\/strong><\/td>\n<\/tr>\n<tr>\n<td>Preis\/Ltr.<\/td>\n<td><strong>8,80 EUR pro Ltr.<\/strong><\/td>\n<\/tr>\n<tr>\n<td>Weinart:<\/td>\n<td><strong>Rotwein<\/strong><\/td>\n<\/tr>\n<tr>\n<td>Qualit\u00e4tsstufe<\/td>\n<td><strong>Qualit\u00e4tswein<\/strong><\/td>\n<\/tr>\n<tr>\n<td>Rebsorte<\/td>\n<td><strong>Dornfelder<\/strong><\/td>\n<\/tr>\n<tr>\n<td>Restzuckergehalt<\/td>\n<td><strong>35 g\/Ltr.<\/strong><\/td>\n<\/tr>\n<tr>\n<td>Alkoholgehalt<\/td>\n<td><strong>10,0 Vol. %<\/strong><\/td>\n<\/tr>\n<tr>\n<td>enth\u00e4lt Allergene:<\/td>\n<td><strong>Sulfite<\/strong><\/td>\n<\/tr>\n<\/tbody>\n<\/table>\n<table class=\"bg-white mx-auto w-full border border-neutral-200\">\n<thead class=\"bg-neutral-100\">\n<tr>\n<th class=\"border border-neutral-200 px-2 h-10 text-xs font-normal text-left\">N\u00e4hrwertangaben je 100ml<\/th>\n<\/tr>\n<\/thead>\n<tbody>\n<tr>\n<td class=\"border border-neutral-200 p-2 text-xs font-normal text-neutral\">\n<div class=\"flex justify-between\">Brennwert315 kJ \/ 76 kcal<\/div>\n<\/td>\n<\/tr>\n<tr>\n<td class=\"border border-neutral-200 p-2 text-xs font-normal text-neutral\">\n<div class=\"flex justify-between\">Kohlenhydrate3,2 g<\/div>\n<\/td>\n<\/tr>\n<tr>\n<td class=\"border border-neutral-200 p-2 text-xs font-normal text-neutral\">\n<div class=\"flex justify-between\">davon Zucker3,0 g<\/div>\n<\/td>\n<\/tr>\n<tr>\n<td class=\"border border-neutral-200 px-2 py-1 text-xs font-normal text-neutral\">Enth\u00e4lt geringf\u00fcgige Mengen von: Fett, ges\u00e4ttigten Fetts\u00e4uren, Eiwei\u00df und Salz<\/td>\n<\/tr>\n<\/tbody>\n<\/table>\n","protected":false},"excerpt":{"rendered":"<p>Dieser Dornfelder lieblich begeistert mit seiner intensiven Frucht und seiner weichen, schmeichelnden Art. Im Glas zeigt er sich in tiefem Rubinrot mit violetten Reflexen. In der Nase entfalten sich ausgepr\u00e4gte Aromen von reifen Kirschen, Brombeeren und schwarzen Johannisbeeren, begleitet von einem Hauch Vanille und feiner W\u00fcrze. Am Gaumen pr\u00e4sentiert sich der Wein vollmundig, samtig und [&hellip;]<\/p>\n","protected":false},"featured_media":11278,"template":"","meta":{"_acf_changed":false},"product_brand":[],"product_cat":[283],"product_tag":[],"class_list":{"0":"post-10424","1":"product","2":"type-product","3":"status-publish","4":"has-post-thumbnail","6":"product_cat-rotwein","8":"first","9":"instock","10":"taxable","11":"shipping-taxable","12":"purchasable","13":"product-type-simple"},"acf":[],"_links":{"self":[{"href":"https:\/\/www.espenschiedwein.de\/shop\/wp-json\/wp\/v2\/product\/10424","targetHints":{"allow":["GET"]}}],"collection":[{"href":"https:\/\/www.espenschiedwein.de\/shop\/wp-json\/wp\/v2\/product"}],"about":[{"href":"https:\/\/www.espenschiedwein.de\/shop\/wp-json\/wp\/v2\/types\/product"}],"wp:featuredmedia":[{"embeddable":true,"href":"https:\/\/www.espenschiedwein.de\/shop\/wp-json\/wp\/v2\/media\/11278"}],"wp:attachment":[{"href":"https:\/\/www.espenschiedwein.de\/shop\/wp-json\/wp\/v2\/media?parent=10424"}],"wp:term":[{"taxonomy":"product_brand","embeddable":true,"href":"https:\/\/www.espenschiedwein.de\/shop\/wp-json\/wp\/v2\/product_brand?post=10424"},{"taxonomy":"product_cat","embeddable":true,"href":"https:\/\/www.espenschiedwein.de\/shop\/wp-json\/wp\/v2\/product_cat?post=10424"},{"taxonomy":"product_tag","embeddable":true,"href":"https:\/\/www.espenschiedwein.de\/shop\/wp-json\/wp\/v2\/product_tag?post=10424"}],"curies":[{"name":"wp","href":"https:\/\/api.w.org\/{rel}","templated":true}]}}