{"id":10419,"date":"2023-08-18T10:48:21","date_gmt":"2023-08-18T08:48:21","guid":{"rendered":"https:\/\/www.espenschiedwein.de\/shop\/?post_type=product&#038;p=10419"},"modified":"2026-02-03T21:12:48","modified_gmt":"2026-02-03T20:12:48","slug":"saint-laurent-collection-espe","status":"publish","type":"product","link":"https:\/\/www.espenschiedwein.de\/shop\/produkt\/saint-laurent-collection-espe\/","title":{"rendered":"Beste of Five Collection EsPE"},"content":{"rendered":"<p data-start=\"211\" data-end=\"544\">Diese ausdrucksstarke Rotweincuv\u00e9e vereint die besten Eigenschaften ihrer Rebsorten zu einem harmonischen Ganzen. Der Saint Laurent bildet das R\u00fcckgrat des Weines und sorgt f\u00fcr Tiefe, Struktur und Eleganz. Dornfelder bringt intensive Frucht und Farbe, w\u00e4hrend der Portugieser mit seiner Leichtigkeit und Frische f\u00fcr Trinkfluss sorgt.<\/p>\n<p data-start=\"546\" data-end=\"751\">Im Glas zeigt sich der <em data-start=\"569\" data-end=\"583\">Best of Five<\/em> in tiefem Rubinrot. In der Nase entfalten sich Aromen von reifen Kirschen, dunklen Beeren und Pflaumen, begleitet von feinen w\u00fcrzigen Noten und einem Hauch Schokolade.<\/p>\n<p data-start=\"753\" data-end=\"974\">Am Gaumen pr\u00e4sentiert sich der Wein trocken, vollmundig und ausgewogen. Weiche Tannine, eine gut eingebundene S\u00e4ure und saftige Frucht verleihen ihm Harmonie und L\u00e4nge. Der Abgang ist rund, elegant und angenehm anhaltend.<\/p>\n<p data-start=\"976\" data-end=\"1085\">Ein vielseitiger, charakterstarker Rotwein \u2013 ideal zu Fleischgerichten, Pasta, Pizza oder geselligen Abenden.<\/p>\n<table border=\"0\" width=\"60%\" cellspacing=\"0\" cellpadding=\"0\" align=\"left\">\n<tbody>\n<tr>\n<td width=\"53%\">Artikelnummer:<\/td>\n<td width=\"47%\"><strong>74<\/strong><\/td>\n<\/tr>\n<tr>\n<td>Inhalt<\/td>\n<td><strong>0,75 Ltr.<\/strong><\/td>\n<\/tr>\n<tr>\n<td>Preis\/Ltr.<\/td>\n<td><strong>13,07 EUR pro Ltr.<\/strong><\/td>\n<\/tr>\n<tr>\n<td>Weinart:<\/td>\n<td><strong>Rotwein<\/strong><\/td>\n<\/tr>\n<tr>\n<td>Qualit\u00e4tsstufe<\/td>\n<td><strong>Qualit\u00e4tswein<\/strong><\/td>\n<\/tr>\n<tr>\n<td>Rebsorte<\/td>\n<td><strong>Saint Laurent<\/strong><\/td>\n<\/tr>\n<tr>\n<td>Restzuckergehalt<\/td>\n<td><strong>0,3g\/l<\/strong><\/td>\n<\/tr>\n<tr>\n<td>Alkoholgehalt<\/td>\n<td><strong>13%<\/strong><\/td>\n<\/tr>\n<tr>\n<td>enth\u00e4lt Allergene:<\/td>\n<td><strong>Sulfite<\/strong><\/td>\n<\/tr>\n<\/tbody>\n<\/table>\n<table class=\"bg-white mx-auto w-full border border-neutral-200\">\n<thead class=\"bg-neutral-100\">\n<tr>\n<th class=\"border border-neutral-200 px-2 h-10 text-xs font-normal text-left\">N\u00e4hrwertangaben je 100ml<\/th>\n<\/tr>\n<\/thead>\n<tbody>\n<tr>\n<td class=\"border border-neutral-200 p-2 text-xs font-normal text-neutral\">\n<div class=\"flex justify-between\">Brennwert313 kJ \/ 75 kcal<\/div>\n<\/td>\n<\/tr>\n<tr>\n<td class=\"border border-neutral-200 p-2 text-xs font-normal text-neutral\">\n<div class=\"flex justify-between\">Kohlenhydrate1,1 g<\/div>\n<\/td>\n<\/tr>\n<tr>\n<td class=\"border border-neutral-200 p-2 text-xs font-normal text-neutral\">\n<div class=\"flex justify-between\">davon Zucker&lt;0,5 g<\/div>\n<\/td>\n<\/tr>\n<tr>\n<td class=\"border border-neutral-200 px-2 py-1 text-xs font-normal text-neutral\">Enth\u00e4lt geringf\u00fcgige Mengen von: Fett, ges\u00e4ttigten Fetts\u00e4uren, Eiwei\u00df und Salz<\/td>\n<\/tr>\n<\/tbody>\n<\/table>\n","protected":false},"excerpt":{"rendered":"<p>Diese ausdrucksstarke Rotweincuv\u00e9e vereint die besten Eigenschaften ihrer Rebsorten zu einem harmonischen Ganzen. Der Saint Laurent bildet das R\u00fcckgrat des Weines und sorgt f\u00fcr Tiefe, Struktur und Eleganz. Dornfelder bringt intensive Frucht und Farbe, w\u00e4hrend der Portugieser mit seiner Leichtigkeit und Frische f\u00fcr Trinkfluss sorgt. Im Glas zeigt sich der Best of Five in tiefem [&hellip;]<\/p>\n","protected":false},"featured_media":11287,"template":"","meta":{"_acf_changed":false},"product_brand":[],"product_cat":[283],"product_tag":[],"class_list":{"0":"post-10419","1":"product","2":"type-product","3":"status-publish","4":"has-post-thumbnail","6":"product_cat-rotwein","8":"first","9":"instock","10":"taxable","11":"shipping-taxable","12":"purchasable","13":"product-type-simple"},"acf":[],"_links":{"self":[{"href":"https:\/\/www.espenschiedwein.de\/shop\/wp-json\/wp\/v2\/product\/10419","targetHints":{"allow":["GET"]}}],"collection":[{"href":"https:\/\/www.espenschiedwein.de\/shop\/wp-json\/wp\/v2\/product"}],"about":[{"href":"https:\/\/www.espenschiedwein.de\/shop\/wp-json\/wp\/v2\/types\/product"}],"wp:featuredmedia":[{"embeddable":true,"href":"https:\/\/www.espenschiedwein.de\/shop\/wp-json\/wp\/v2\/media\/11287"}],"wp:attachment":[{"href":"https:\/\/www.espenschiedwein.de\/shop\/wp-json\/wp\/v2\/media?parent=10419"}],"wp:term":[{"taxonomy":"product_brand","embeddable":true,"href":"https:\/\/www.espenschiedwein.de\/shop\/wp-json\/wp\/v2\/product_brand?post=10419"},{"taxonomy":"product_cat","embeddable":true,"href":"https:\/\/www.espenschiedwein.de\/shop\/wp-json\/wp\/v2\/product_cat?post=10419"},{"taxonomy":"product_tag","embeddable":true,"href":"https:\/\/www.espenschiedwein.de\/shop\/wp-json\/wp\/v2\/product_tag?post=10419"}],"curies":[{"name":"wp","href":"https:\/\/api.w.org\/{rel}","templated":true}]}}