{"id":10418,"date":"2023-08-18T10:48:17","date_gmt":"2023-08-18T08:48:17","guid":{"rendered":"https:\/\/www.espenschiedwein.de\/shop\/?post_type=product&#038;p=10418"},"modified":"2026-02-03T20:49:50","modified_gmt":"2026-02-03T19:49:50","slug":"weissburgunderchardonnay-collection-espe","status":"publish","type":"product","link":"https:\/\/www.espenschiedwein.de\/shop\/produkt\/weissburgunderchardonnay-collection-espe\/","title":{"rendered":"Wei\u00dfburgunder &amp; Chardonnay trocken Collection EsPE"},"content":{"rendered":"<p data-start=\"149\" data-end=\"468\">Diese Cuv\u00e9e vereint die Eleganz des Wei\u00dfburgunders mit der Kraft und F\u00fclle des Chardonnays. Im Glas zeigt sich der Wein in hellem Gelb mit goldenen Reflexen. In der Nase entfalten sich Aromen von reifer Birne, Apfel und gelbem Steinobst, erg\u00e4nzt durch feine Zitrusnoten, einen Hauch Vanille und dezente nussige Nuancen.<\/p>\n<p data-start=\"470\" data-end=\"743\">Am Gaumen pr\u00e4sentiert sich der Wein trocken, cremig und ausgewogen. Der Wei\u00dfburgunder sorgt f\u00fcr Frische und Finesse, w\u00e4hrend der Chardonnay dem Wein Struktur, Schmelz und Tiefe verleiht. Eine harmonisch eingebundene S\u00e4ure tr\u00e4gt den Wein bis in den langen, eleganten Abgang.<\/p>\n<p data-start=\"745\" data-end=\"860\">Ein vielseitiger, ausdrucksstarker Wei\u00dfwein \u2013 ideal zu Fisch, Gefl\u00fcgel, Pasta, cremigen Gerichten oder mildem K\u00e4se.<\/p>\n<table border=\"0\" width=\"60%\" cellspacing=\"0\" cellpadding=\"0\" align=\"left\">\n<tbody>\n<tr>\n<td width=\"53%\">Artikelnummer:<\/td>\n<td width=\"47%\"><strong>72<\/strong><\/td>\n<\/tr>\n<tr>\n<td>Inhalt<\/td>\n<td><strong>0,75 Ltr.<\/strong><\/td>\n<\/tr>\n<tr>\n<td>Preis\/Ltr.<\/td>\n<td><strong>10,00 EUR pro Ltr.<\/strong><\/td>\n<\/tr>\n<tr>\n<td>Weinart:<\/td>\n<td><strong>Wei\u00dfwein<\/strong><\/td>\n<\/tr>\n<tr>\n<td>Qualit\u00e4tsstufe<\/td>\n<td><strong>Qualit\u00e4tswein<\/strong><\/td>\n<\/tr>\n<tr>\n<td>Rebsorte<\/td>\n<td><strong>Wei\u00dfburgunder u. Chardonnay<\/strong><\/td>\n<\/tr>\n<tr>\n<td>Restzuckergehalt<\/td>\n<td><strong>5g\/Ltr.<\/strong><\/td>\n<\/tr>\n<tr>\n<td>Alkoholgehalt<\/td>\n<td><strong>12 Vol.%<\/strong><\/td>\n<\/tr>\n<tr>\n<td>enth\u00e4lt Allergene:<\/td>\n<td><strong>Sulfite<\/strong><\/td>\n<\/tr>\n<\/tbody>\n<\/table>\n<table class=\"bg-white mx-auto w-full border border-neutral-200\">\n<thead class=\"bg-neutral-100\">\n<tr>\n<th class=\"border border-neutral-200 px-2 h-10 text-xs font-normal text-left\">N\u00e4hrwertangaben je 100ml<\/th>\n<\/tr>\n<\/thead>\n<tbody>\n<tr>\n<td class=\"border border-neutral-200 p-2 text-xs font-normal text-neutral\">\n<div class=\"flex justify-between\">Brennwert291 kJ \/ 70 kcal<\/div>\n<\/td>\n<\/tr>\n<tr>\n<td class=\"border border-neutral-200 p-2 text-xs font-normal text-neutral\">\n<div class=\"flex justify-between\">Kohlenhydrate1,5 g<\/div>\n<\/td>\n<\/tr>\n<tr>\n<td class=\"border border-neutral-200 p-2 text-xs font-normal text-neutral\">\n<div class=\"flex justify-between\">davon Zucker0,5 g<\/div>\n<\/td>\n<\/tr>\n<tr>\n<td class=\"border border-neutral-200 px-2 py-1 text-xs font-normal text-neutral\">Enth\u00e4lt geringf\u00fcgige Mengen von: Fett, ges\u00e4ttigten Fetts\u00e4uren, Eiwei\u00df und Salz<\/td>\n<\/tr>\n<\/tbody>\n<\/table>\n","protected":false},"excerpt":{"rendered":"<p>Diese Cuv\u00e9e vereint die Eleganz des Wei\u00dfburgunders mit der Kraft und F\u00fclle des Chardonnays. Im Glas zeigt sich der Wein in hellem Gelb mit goldenen Reflexen. In der Nase entfalten sich Aromen von reifer Birne, Apfel und gelbem Steinobst, erg\u00e4nzt durch feine Zitrusnoten, einen Hauch Vanille und dezente nussige Nuancen. Am Gaumen pr\u00e4sentiert sich der [&hellip;]<\/p>\n","protected":false},"featured_media":11267,"template":"","meta":{"_acf_changed":false},"product_brand":[],"product_cat":[286],"product_tag":[],"class_list":{"0":"post-10418","1":"product","2":"type-product","3":"status-publish","4":"has-post-thumbnail","6":"product_cat-weisswein-trocken","8":"first","9":"instock","10":"taxable","11":"shipping-taxable","12":"purchasable","13":"product-type-simple"},"acf":[],"_links":{"self":[{"href":"https:\/\/www.espenschiedwein.de\/shop\/wp-json\/wp\/v2\/product\/10418","targetHints":{"allow":["GET"]}}],"collection":[{"href":"https:\/\/www.espenschiedwein.de\/shop\/wp-json\/wp\/v2\/product"}],"about":[{"href":"https:\/\/www.espenschiedwein.de\/shop\/wp-json\/wp\/v2\/types\/product"}],"wp:featuredmedia":[{"embeddable":true,"href":"https:\/\/www.espenschiedwein.de\/shop\/wp-json\/wp\/v2\/media\/11267"}],"wp:attachment":[{"href":"https:\/\/www.espenschiedwein.de\/shop\/wp-json\/wp\/v2\/media?parent=10418"}],"wp:term":[{"taxonomy":"product_brand","embeddable":true,"href":"https:\/\/www.espenschiedwein.de\/shop\/wp-json\/wp\/v2\/product_brand?post=10418"},{"taxonomy":"product_cat","embeddable":true,"href":"https:\/\/www.espenschiedwein.de\/shop\/wp-json\/wp\/v2\/product_cat?post=10418"},{"taxonomy":"product_tag","embeddable":true,"href":"https:\/\/www.espenschiedwein.de\/shop\/wp-json\/wp\/v2\/product_tag?post=10418"}],"curies":[{"name":"wp","href":"https:\/\/api.w.org\/{rel}","templated":true}]}}