{"id":10415,"date":"2023-08-18T10:48:05","date_gmt":"2023-08-18T08:48:05","guid":{"rendered":"https:\/\/www.espenschiedwein.de\/shop\/?post_type=product&#038;p=10415"},"modified":"2026-02-03T12:20:09","modified_gmt":"2026-02-03T11:20:09","slug":"espenstoff-alkoholfrei","status":"publish","type":"product","link":"https:\/\/www.espenschiedwein.de\/shop\/produkt\/espenstoff-alkoholfrei\/","title":{"rendered":"ESPENSTOFF alkoholfrei"},"content":{"rendered":"<p data-start=\"153\" data-end=\"403\">Der ESPENSTOFF Traubensecco alkoholfrei steht f\u00fcr unbeschwerten Genuss mit feiner Perlage. Im Glas zeigt er sich klar und hell mit lebendigem Mousseux. In der Nase entfalten sich frische Aromen von reifen Trauben, gr\u00fcnem Apfel und einem Hauch Zitrus.<\/p>\n<p data-start=\"405\" data-end=\"665\">Am Gaumen pr\u00e4sentiert sich der Traubensecco saftig, fruchtig und erfrischend. Die nat\u00fcrliche S\u00fc\u00dfe der Trauben wird von einer spritzigen Kohlens\u00e4ure perfekt ausbalanciert und sorgt f\u00fcr einen angenehmen Trinkfluss. Der Abgang ist frisch, lebendig und animierend.<\/p>\n<p data-start=\"667\" data-end=\"830\">Ein prickelnder Genuss ganz ohne Alkohol \u2013 ideal als Aperitif, f\u00fcr festliche Anl\u00e4sse, als Alternative zu Sekt oder einfach f\u00fcr den besonderen Moment zwischendurch.<\/p>\n<table border=\"0\" width=\"60%\" cellspacing=\"0\" cellpadding=\"0\" align=\"left\">\n<tbody>\n<tr>\n<td width=\"53%\">Artikelnummer:<\/td>\n<td width=\"47%\"><strong>38<\/strong><\/td>\n<\/tr>\n<tr>\n<td>Inhalt<\/td>\n<td><strong>0,75 Ltr.<\/strong><\/td>\n<\/tr>\n<tr>\n<td>Preis\/Ltr.<\/td>\n<td><strong>8,80 EUR pro Ltr.<\/strong><\/td>\n<\/tr>\n<tr>\n<td>Weinart:<\/td>\n<td><strong>Traubensaft wei\u00df<\/strong><\/td>\n<\/tr>\n<tr>\n<td>Qualit\u00e4tsstufe<\/td>\n<td><strong>Deutscher Traubensaft<\/strong><\/td>\n<\/tr>\n<tr>\n<td>Rebsorte<\/td>\n<td><strong>W\u00fcrzer<\/strong><\/td>\n<\/tr>\n<tr>\n<td>Restzuckergehalt<\/td>\n<td><strong>150g\/l<\/strong><\/td>\n<\/tr>\n<tr>\n<td>Alkoholgehalt<\/td>\n<td><strong>0,0 Vol. %<\/strong><\/td>\n<\/tr>\n<tr>\n<td>enth\u00e4lt Allergene:<\/td>\n<td><strong>Sulfite<\/strong><\/td>\n<\/tr>\n<\/tbody>\n<\/table>\n<table class=\"bg-white mx-auto w-full border border-neutral-200\">\n<thead class=\"bg-neutral-100\">\n<tr>\n<th class=\"border border-neutral-200 px-2 h-10 text-xs font-normal text-left\">N\u00e4hrwertangaben je 100ml<\/th>\n<\/tr>\n<\/thead>\n<tbody>\n<tr>\n<td class=\"border border-neutral-200 p-2 text-xs font-normal text-neutral\">\n<div class=\"flex justify-between\">Brennwert265 kJ \/ 63 kcal<\/div>\n<\/td>\n<\/tr>\n<tr>\n<td class=\"border border-neutral-200 p-2 text-xs font-normal text-neutral\">\n<div class=\"flex justify-between\">Kohlenhydrate15,0 g<\/div>\n<\/td>\n<\/tr>\n<tr>\n<td class=\"border border-neutral-200 p-2 text-xs font-normal text-neutral\">\n<div class=\"flex justify-between\">davon Zucker15,0 g<\/div>\n<\/td>\n<\/tr>\n<tr>\n<td class=\"border border-neutral-200 px-2 py-1 text-xs font-normal text-neutral\">Enth\u00e4lt geringf\u00fcgige Mengen von: Fett, ges\u00e4ttigten Fetts\u00e4uren, Eiwei\u00df und Salz<\/td>\n<\/tr>\n<\/tbody>\n<\/table>\n","protected":false},"excerpt":{"rendered":"<p>Der ESPENSTOFF Traubensecco alkoholfrei steht f\u00fcr unbeschwerten Genuss mit feiner Perlage. Im Glas zeigt er sich klar und hell mit lebendigem Mousseux. In der Nase entfalten sich frische Aromen von reifen Trauben, gr\u00fcnem Apfel und einem Hauch Zitrus. Am Gaumen pr\u00e4sentiert sich der Traubensecco saftig, fruchtig und erfrischend. Die nat\u00fcrliche S\u00fc\u00dfe der Trauben wird von [&hellip;]<\/p>\n","protected":false},"featured_media":11295,"template":"","meta":{"_acf_changed":false},"product_brand":[],"product_cat":[288],"product_tag":[],"class_list":{"0":"post-10415","1":"product","2":"type-product","3":"status-publish","4":"has-post-thumbnail","6":"product_cat-prickelndes","8":"first","9":"instock","10":"taxable","11":"shipping-taxable","12":"purchasable","13":"product-type-simple"},"acf":[],"_links":{"self":[{"href":"https:\/\/www.espenschiedwein.de\/shop\/wp-json\/wp\/v2\/product\/10415","targetHints":{"allow":["GET"]}}],"collection":[{"href":"https:\/\/www.espenschiedwein.de\/shop\/wp-json\/wp\/v2\/product"}],"about":[{"href":"https:\/\/www.espenschiedwein.de\/shop\/wp-json\/wp\/v2\/types\/product"}],"wp:featuredmedia":[{"embeddable":true,"href":"https:\/\/www.espenschiedwein.de\/shop\/wp-json\/wp\/v2\/media\/11295"}],"wp:attachment":[{"href":"https:\/\/www.espenschiedwein.de\/shop\/wp-json\/wp\/v2\/media?parent=10415"}],"wp:term":[{"taxonomy":"product_brand","embeddable":true,"href":"https:\/\/www.espenschiedwein.de\/shop\/wp-json\/wp\/v2\/product_brand?post=10415"},{"taxonomy":"product_cat","embeddable":true,"href":"https:\/\/www.espenschiedwein.de\/shop\/wp-json\/wp\/v2\/product_cat?post=10415"},{"taxonomy":"product_tag","embeddable":true,"href":"https:\/\/www.espenschiedwein.de\/shop\/wp-json\/wp\/v2\/product_tag?post=10415"}],"curies":[{"name":"wp","href":"https:\/\/api.w.org\/{rel}","templated":true}]}}