{"id":10412,"date":"2023-08-18T10:47:53","date_gmt":"2023-08-18T08:47:53","guid":{"rendered":"https:\/\/www.espenschiedwein.de\/shop\/?post_type=product&#038;p=10412"},"modified":"2026-02-03T12:12:58","modified_gmt":"2026-02-03T11:12:58","slug":"scheurebe-halbtrocken","status":"publish","type":"product","link":"https:\/\/www.espenschiedwein.de\/shop\/produkt\/scheurebe-halbtrocken\/","title":{"rendered":"Scheurebe halbtrocken"},"content":{"rendered":"<p>Dieser Scheurebe Sekt halbtrocken begeistert mit seiner intensiven Aromatik und einer feinen, lebendigen Perlage. Im Glas zeigt er sich hellgelb mit goldenen Reflexen und anhaltendem Mousseux. In der Nase entfalten sich typische Scheurebe-Aromen von schwarzer Johannisbeere, Grapefruit und reifer Maracuja, begleitet von floralen Nuancen.<\/p>\n<p>Am Gaumen pr\u00e4sentiert sich der Sekt frisch, fruchtbetont und harmonisch. Die feine Rests\u00fc\u00dfe unterstreicht die exotischen Fruchtaromen, w\u00e4hrend die lebendige S\u00e4ure f\u00fcr Frische und Balance sorgt. Die Perlage ist elegant eingebunden, der Abgang saftig, aromatisch und animierend.<\/p>\n<p>Ein ausdrucksstarker, duftiger Sekt \u2013 ideal als Aperitif, zu fruchtigen Desserts oder f\u00fcr besondere Genussmomente.<\/p>\n<table border=\"0\" width=\"60%\" cellspacing=\"0\" cellpadding=\"0\" align=\"left\">\n<tbody>\n<tr>\n<td width=\"53%\">Artikelnummer:<\/td>\n<td width=\"47%\"><strong>21<\/strong><\/td>\n<\/tr>\n<tr>\n<td>Inhalt<\/td>\n<td><strong>0,75 Ltr.<\/strong><\/td>\n<\/tr>\n<tr>\n<td>Preis\/Ltr.<\/td>\n<td><strong>13,20 EUR pro Ltr.<\/strong><\/td>\n<\/tr>\n<tr>\n<td>Weinart:<\/td>\n<td><strong>Wei\u00df<\/strong><\/td>\n<\/tr>\n<tr>\n<td>Qualit\u00e4tsstufe<\/td>\n<td><\/td>\n<\/tr>\n<tr>\n<td>Rebsorte<\/td>\n<td><strong>Scheurebe<\/strong><\/td>\n<\/tr>\n<tr>\n<td>Restzuckergehalt<\/td>\n<td><strong>36 g\/Ltr.<\/strong><\/td>\n<\/tr>\n<tr>\n<td>Alkoholgehalt<\/td>\n<td><strong>12,0 Vol. %<\/strong><\/td>\n<\/tr>\n<tr>\n<td>enth\u00e4lt Allergene:<\/td>\n<td><strong>Sulfite<\/strong><\/td>\n<\/tr>\n<\/tbody>\n<\/table>\n","protected":false},"excerpt":{"rendered":"<p>Dieser Scheurebe Sekt halbtrocken begeistert mit seiner intensiven Aromatik und einer feinen, lebendigen Perlage. Im Glas zeigt er sich hellgelb mit goldenen Reflexen und anhaltendem Mousseux. In der Nase entfalten sich typische Scheurebe-Aromen von schwarzer Johannisbeere, Grapefruit und reifer Maracuja, begleitet von floralen Nuancen. Am Gaumen pr\u00e4sentiert sich der Sekt frisch, fruchtbetont und harmonisch. Die [&hellip;]<\/p>\n","protected":false},"featured_media":10178,"template":"","meta":{"_acf_changed":false},"product_brand":[],"product_cat":[288],"product_tag":[],"class_list":{"0":"post-10412","1":"product","2":"type-product","3":"status-publish","4":"has-post-thumbnail","6":"product_cat-prickelndes","8":"first","9":"instock","10":"taxable","11":"shipping-taxable","12":"purchasable","13":"product-type-simple"},"acf":[],"_links":{"self":[{"href":"https:\/\/www.espenschiedwein.de\/shop\/wp-json\/wp\/v2\/product\/10412","targetHints":{"allow":["GET"]}}],"collection":[{"href":"https:\/\/www.espenschiedwein.de\/shop\/wp-json\/wp\/v2\/product"}],"about":[{"href":"https:\/\/www.espenschiedwein.de\/shop\/wp-json\/wp\/v2\/types\/product"}],"wp:featuredmedia":[{"embeddable":true,"href":"https:\/\/www.espenschiedwein.de\/shop\/wp-json\/wp\/v2\/media\/10178"}],"wp:attachment":[{"href":"https:\/\/www.espenschiedwein.de\/shop\/wp-json\/wp\/v2\/media?parent=10412"}],"wp:term":[{"taxonomy":"product_brand","embeddable":true,"href":"https:\/\/www.espenschiedwein.de\/shop\/wp-json\/wp\/v2\/product_brand?post=10412"},{"taxonomy":"product_cat","embeddable":true,"href":"https:\/\/www.espenschiedwein.de\/shop\/wp-json\/wp\/v2\/product_cat?post=10412"},{"taxonomy":"product_tag","embeddable":true,"href":"https:\/\/www.espenschiedwein.de\/shop\/wp-json\/wp\/v2\/product_tag?post=10412"}],"curies":[{"name":"wp","href":"https:\/\/api.w.org\/{rel}","templated":true}]}}