{"id":10411,"date":"2023-08-18T10:47:51","date_gmt":"2023-08-18T08:47:51","guid":{"rendered":"https:\/\/www.espenschiedwein.de\/shop\/?post_type=product&#038;p=10411"},"modified":"2026-02-03T12:11:56","modified_gmt":"2026-02-03T11:11:56","slug":"riesling-trocken-2","status":"publish","type":"product","link":"https:\/\/www.espenschiedwein.de\/shop\/produkt\/riesling-trocken-2\/","title":{"rendered":"Riesling trocken"},"content":{"rendered":"<p>Dieser Riesling Sekt trocken begeistert mit Klarheit, Frische und feiner Eleganz. Im Glas zeigt er sich hellgelb mit gr\u00fcnlichen Reflexen und einer lebendigen, feinperligen Mousseux. In der Nase entfalten sich typische Rieslingaromen von gr\u00fcnem Apfel, Zitrusfr\u00fcchten und wei\u00dfem Pfirsich, begleitet von einer feinen mineralischen Note.<\/p>\n<p>Am Gaumen pr\u00e4sentiert sich der Sekt trocken, pr\u00e4zise und erfrischend. Die lebendige S\u00e4ure verleiht ihm Spannung und Frische, w\u00e4hrend die feine Perlage die fruchtige Aromatik elegant tr\u00e4gt. Der Abgang ist klar, animierend und angenehm lang.<\/p>\n<p>Ein klassischer, stilvoller Riesling-Sekt \u2013 ideal als Aperitif, zu feinen Vorspeisen, Fisch oder f\u00fcr besondere Anl\u00e4sse.<\/p>\n<table border=\"0\" width=\"60%\" cellspacing=\"0\" cellpadding=\"0\" align=\"left\">\n<tbody>\n<tr>\n<td width=\"53%\">Artikelnummer:<\/td>\n<td width=\"47%\"><strong>20<\/strong><\/td>\n<\/tr>\n<tr>\n<td>Inhalt<\/td>\n<td><strong>0,75 Ltr.<\/strong><\/td>\n<\/tr>\n<tr>\n<td>Preis\/Ltr.<\/td>\n<td><strong>13,20 EUR pro Ltr.<\/strong><\/td>\n<\/tr>\n<tr>\n<td>Weinart:<\/td>\n<td><strong>Wei\u00df<\/strong><\/td>\n<\/tr>\n<tr>\n<td>Qualit\u00e4tsstufe<\/td>\n<td><\/td>\n<\/tr>\n<tr>\n<td>Rebsorte<\/td>\n<td><strong>Riesling<\/strong><\/td>\n<\/tr>\n<tr>\n<td>Restzuckergehalt<\/td>\n<td><strong>20 g\/Ltr.<\/strong><\/td>\n<\/tr>\n<tr>\n<td>Alkoholgehalt<\/td>\n<td><strong>12,0 Vol. %<\/strong><\/td>\n<\/tr>\n<tr>\n<td>enth\u00e4lt Allergene:<\/td>\n<td><strong>Sulfite<\/strong><\/td>\n<\/tr>\n<\/tbody>\n<\/table>\n","protected":false},"excerpt":{"rendered":"<p>Dieser Riesling Sekt trocken begeistert mit Klarheit, Frische und feiner Eleganz. Im Glas zeigt er sich hellgelb mit gr\u00fcnlichen Reflexen und einer lebendigen, feinperligen Mousseux. In der Nase entfalten sich typische Rieslingaromen von gr\u00fcnem Apfel, Zitrusfr\u00fcchten und wei\u00dfem Pfirsich, begleitet von einer feinen mineralischen Note. Am Gaumen pr\u00e4sentiert sich der Sekt trocken, pr\u00e4zise und erfrischend. [&hellip;]<\/p>\n","protected":false},"featured_media":10176,"template":"","meta":{"_acf_changed":false},"product_brand":[],"product_cat":[288],"product_tag":[],"class_list":{"0":"post-10411","1":"product","2":"type-product","3":"status-publish","4":"has-post-thumbnail","6":"product_cat-prickelndes","8":"first","9":"instock","10":"taxable","11":"shipping-taxable","12":"purchasable","13":"product-type-simple"},"acf":[],"_links":{"self":[{"href":"https:\/\/www.espenschiedwein.de\/shop\/wp-json\/wp\/v2\/product\/10411","targetHints":{"allow":["GET"]}}],"collection":[{"href":"https:\/\/www.espenschiedwein.de\/shop\/wp-json\/wp\/v2\/product"}],"about":[{"href":"https:\/\/www.espenschiedwein.de\/shop\/wp-json\/wp\/v2\/types\/product"}],"wp:featuredmedia":[{"embeddable":true,"href":"https:\/\/www.espenschiedwein.de\/shop\/wp-json\/wp\/v2\/media\/10176"}],"wp:attachment":[{"href":"https:\/\/www.espenschiedwein.de\/shop\/wp-json\/wp\/v2\/media?parent=10411"}],"wp:term":[{"taxonomy":"product_brand","embeddable":true,"href":"https:\/\/www.espenschiedwein.de\/shop\/wp-json\/wp\/v2\/product_brand?post=10411"},{"taxonomy":"product_cat","embeddable":true,"href":"https:\/\/www.espenschiedwein.de\/shop\/wp-json\/wp\/v2\/product_cat?post=10411"},{"taxonomy":"product_tag","embeddable":true,"href":"https:\/\/www.espenschiedwein.de\/shop\/wp-json\/wp\/v2\/product_tag?post=10411"}],"curies":[{"name":"wp","href":"https:\/\/api.w.org\/{rel}","templated":true}]}}