{"id":864,"date":"2023-01-24T15:05:25","date_gmt":"2023-01-24T14:05:25","guid":{"rendered":"https:\/\/dev.everpress.everapps.dev\/?page_id=864"},"modified":"2025-08-27T17:56:58","modified_gmt":"2025-08-27T15:56:58","slug":"startseite-2","status":"publish","type":"page","link":"https:\/\/www.espenschiedwein.de\/shop\/","title":{"rendered":"Startseite"},"content":{"rendered":"\n<div class=\"ep-products-teaser  bg-light space\">\n<div class=\"row\">\n\n\t\n\t<div class=\"col ep-title-container\"><h1>Unsere aktuellen Weine &#8211;  <span class=\"subline\">werden Sie jetzt f\u00fcndig<\/span><\/h1><a title=\"Wein online bestellen aus Bad Kreuznach | Produkt\u00fcbersicht\" class=\"btn weight-bold icon icon-after-arrow-right margin-bottom\" target=\"_self\" href=\"https:\/\/www.espenschiedwein.de\/shop\/uebersicht\/\">Unseren Shop ansehen<\/a><\/div>\n\n\t<div class=\"col\">\n\t\t<ul class=\"ep-teaser-tiles products margin-bottom \"><li class=\"product type-product post-11317 status-publish first instock product_cat-weisswein-trocken has-post-thumbnail taxable shipping-taxable purchasable product-type-simple\">\n\t<a title=\"Grauburgunder trocken Barrique Holz intensiv\" href=\"https:\/\/www.espenschiedwein.de\/shop\/produkt\/grauburgunder-barrique-trocken\/\" class=\"woocommerce-LoopProduct-link woocommerce-loop-product__link\" aria-label=\"Produkt \u00f6ffnen \u2013 Grauburgunder Barrique Trocken\" data-tooltip=\"focus\"><\/a><img loading=\"lazy\" decoding=\"async\" width=\"217\" height=\"1000\" src=\"https:\/\/www.espenschiedwein.de\/shop\/wp-content\/uploads\/2026\/02\/dsc01785.jpg\" class=\"attachment-woocommerce_thumbnail size-woocommerce_thumbnail\" alt=\"Grauburgunder Barrique Trocken\" srcset=\"https:\/\/www.espenschiedwein.de\/shop\/wp-content\/uploads\/2026\/02\/dsc01785.jpg 217w, https:\/\/www.espenschiedwein.de\/shop\/wp-content\/uploads\/2026\/02\/dsc01785-65x300.jpg 65w\" sizes=\"auto, (max-width: 217px) 100vw, 217px\" \/><h2 class=\"woocommerce-loop-product__title\">Grauburgunder Barrique Trocken<\/h2><div class=\"category_product_sku\">Artikelnummer: 52<\/div>\n\t<span class=\"price\"><span class=\"woocommerce-Price-amount amount\"><bdi>12,90&nbsp;<span class=\"woocommerce-Price-currencySymbol\">&euro;<\/span><\/bdi><\/span><\/span>\n\n<div class=\"product-info-container\"><\/div><div class=\"mark-container\"><mark class=\"mark-link\"><a href=\"https:\/\/www.espenschiedwein.de\/shop\/produkt-kategorie\/weisswein-trocken\/\" title=\"Gehe zu Wei\u00dfwein trocken\">Wei\u00dfwein trocken<\/a><\/mark><\/div><a class=\"btn\" tabindex=\"0\" title=\"Zur Wunschliste hinzuf\u00fcgen\" data-text-add=\"Zur Wunschliste hinzuf\u00fcgen\" data-text-remove=\"Entfernen\" data-wishlist=\"11317\">Zur Wunschliste hinzuf\u00fcgen<\/a>\n\n\n\t<p class=\"wc-gzd-additional-info wc-gzd-additional-info-loop tax-info\">inkl. 19 % MwSt.<\/p>\n\n\t<p class=\"wc-gzd-additional-info wc-gzd-additional-info-loop shipping-costs-info\">zzgl. <a href=\"https:\/\/www.espenschiedwein.de\/shop\/versandarten\/\" target=\"_blank\">Versandkosten<\/a><\/p>\n\n\n<a href=\"\/shop\/wp-json\/wp\/v2\/pages\/864?add-to-cart=11317\" aria-describedby=\"woocommerce_loop_add_to_cart_link_describedby_11317\" data-quantity=\"1\" class=\"button product_type_simple add_to_cart_button ajax_add_to_cart\" data-product_id=\"11317\" data-product_sku=\"52\" aria-label=\"In den Warenkorb legen: \u201eGrauburgunder Barrique Trocken\u201c\" rel=\"nofollow\" data-success_message=\"\u201eGrauburgunder Barrique Trocken\u201c wurde Ihrem Warenkorb hinzugef\u00fcgt\" data-product-name=\"Grauburgunder Barrique Trocken\" title=\"In den Warenkorb legen: \u201eGrauburgunder Barrique Trocken\u201c\" role=\"button\">In den Warenkorb<\/a>\t<span id=\"woocommerce_loop_add_to_cart_link_describedby_11317\" class=\"screen-reader-text\">\n\t\t\t<\/span>\n<\/li>\n<li class=\"product type-product post-11313 status-publish instock product_cat-weisswein-trocken has-post-thumbnail taxable shipping-taxable purchasable product-type-simple\">\n\t<a title=\"Wei\u00dfburgunder trocken Barrique Holz intensiv\" href=\"https:\/\/www.espenschiedwein.de\/shop\/produkt\/weissburgunder-barrique-trocken\/\" class=\"woocommerce-LoopProduct-link woocommerce-loop-product__link\" aria-label=\"Produkt \u00f6ffnen \u2013 Wei\u00dfburgunder Barrique Trocken\" data-tooltip=\"focus\"><\/a><img loading=\"lazy\" decoding=\"async\" width=\"217\" height=\"1000\" src=\"https:\/\/www.espenschiedwein.de\/shop\/wp-content\/uploads\/2026\/02\/dsc01783.jpg\" class=\"attachment-woocommerce_thumbnail size-woocommerce_thumbnail\" alt=\"Wei\u00dfburgunder Barrique Trocken\" srcset=\"https:\/\/www.espenschiedwein.de\/shop\/wp-content\/uploads\/2026\/02\/dsc01783.jpg 217w, https:\/\/www.espenschiedwein.de\/shop\/wp-content\/uploads\/2026\/02\/dsc01783-65x300.jpg 65w\" sizes=\"auto, (max-width: 217px) 100vw, 217px\" \/><h2 class=\"woocommerce-loop-product__title\">Wei\u00dfburgunder Barrique Trocken<\/h2><div class=\"category_product_sku\">Artikelnummer: 51<\/div>\n\t<span class=\"price\"><span class=\"woocommerce-Price-amount amount\"><bdi>12,90&nbsp;<span class=\"woocommerce-Price-currencySymbol\">&euro;<\/span><\/bdi><\/span><\/span>\n\n<div class=\"product-info-container\"><\/div><div class=\"mark-container\"><mark class=\"mark-link\"><a href=\"https:\/\/www.espenschiedwein.de\/shop\/produkt-kategorie\/weisswein-trocken\/\" title=\"Gehe zu Wei\u00dfwein trocken\">Wei\u00dfwein trocken<\/a><\/mark><\/div><a class=\"btn\" tabindex=\"0\" title=\"Zur Wunschliste hinzuf\u00fcgen\" data-text-add=\"Zur Wunschliste hinzuf\u00fcgen\" data-text-remove=\"Entfernen\" data-wishlist=\"11313\">Zur Wunschliste hinzuf\u00fcgen<\/a>\n\n\n\t<p class=\"wc-gzd-additional-info wc-gzd-additional-info-loop tax-info\">inkl. 19 % MwSt.<\/p>\n\n\t<p class=\"wc-gzd-additional-info wc-gzd-additional-info-loop shipping-costs-info\">zzgl. <a href=\"https:\/\/www.espenschiedwein.de\/shop\/versandarten\/\" target=\"_blank\">Versandkosten<\/a><\/p>\n\n\n<a href=\"\/shop\/wp-json\/wp\/v2\/pages\/864?add-to-cart=11313\" aria-describedby=\"woocommerce_loop_add_to_cart_link_describedby_11313\" data-quantity=\"1\" class=\"button product_type_simple add_to_cart_button ajax_add_to_cart\" data-product_id=\"11313\" data-product_sku=\"51\" aria-label=\"In den Warenkorb legen: \u201eWei\u00dfburgunder Barrique Trocken\u201c\" rel=\"nofollow\" data-success_message=\"\u201eWei\u00dfburgunder Barrique Trocken\u201c wurde Ihrem Warenkorb hinzugef\u00fcgt\" data-product-name=\"Wei\u00dfburgunder Barrique Trocken\" title=\"In den Warenkorb legen: \u201eWei\u00dfburgunder Barrique Trocken\u201c\" role=\"button\">In den Warenkorb<\/a>\t<span id=\"woocommerce_loop_add_to_cart_link_describedby_11313\" class=\"screen-reader-text\">\n\t\t\t<\/span>\n<\/li>\n<li class=\"product type-product post-10440 status-publish last instock product_cat-weisswein-halbtrocken has-post-thumbnail taxable shipping-taxable purchasable product-type-simple\">\n\t<a title=\"Bl\u00e4ttertanz Wei\u00dfweincuv\u00e9e feinherb \u2013 frisch &amp; s\u00fc\u00df\" href=\"https:\/\/www.espenschiedwein.de\/shop\/produkt\/espe-blaettertanz-weissweincuvee-feinherb\/\" class=\"woocommerce-LoopProduct-link woocommerce-loop-product__link\" aria-label=\"Produkt \u00f6ffnen \u2013 Bl\u00e4ttertanz Feinherb Wei\u00dfweincuv\u00e9e\" data-tooltip=\"focus\"><\/a><img loading=\"lazy\" decoding=\"async\" width=\"214\" height=\"1000\" src=\"https:\/\/www.espenschiedwein.de\/shop\/wp-content\/uploads\/2024\/03\/dsc01750.jpg\" class=\"attachment-woocommerce_thumbnail size-woocommerce_thumbnail\" alt=\"Bl\u00e4ttertanz Feinherb Wei\u00dfweincuv\u00e9e\" srcset=\"https:\/\/www.espenschiedwein.de\/shop\/wp-content\/uploads\/2024\/03\/dsc01750.jpg 214w, https:\/\/www.espenschiedwein.de\/shop\/wp-content\/uploads\/2024\/03\/dsc01750-64x300.jpg 64w\" sizes=\"auto, (max-width: 214px) 100vw, 214px\" \/><h2 class=\"woocommerce-loop-product__title\">Bl\u00e4ttertanz Feinherb Wei\u00dfweincuv\u00e9e<\/h2><div class=\"category_product_sku\">Artikelnummer: 73<\/div>\n\t<span class=\"price\"><span class=\"woocommerce-Price-amount amount\"><bdi>7,50&nbsp;<span class=\"woocommerce-Price-currencySymbol\">&euro;<\/span><\/bdi><\/span><\/span>\n\n<div class=\"product-info-container\"><\/div><div class=\"mark-container\"><mark class=\"mark-link\"><a href=\"https:\/\/www.espenschiedwein.de\/shop\/produkt-kategorie\/weisswein-halbtrocken\/\" title=\"Gehe zu Wei\u00dfwein halbtrocken\">Wei\u00dfwein halbtrocken<\/a><\/mark><\/div><a class=\"btn\" tabindex=\"0\" title=\"Zur Wunschliste hinzuf\u00fcgen\" data-text-add=\"Zur Wunschliste hinzuf\u00fcgen\" data-text-remove=\"Entfernen\" data-wishlist=\"10440\">Zur Wunschliste hinzuf\u00fcgen<\/a>\n\n\n\t<p class=\"wc-gzd-additional-info wc-gzd-additional-info-loop tax-info\">inkl. 19 % MwSt.<\/p>\n\n\t<p class=\"wc-gzd-additional-info wc-gzd-additional-info-loop shipping-costs-info\">zzgl. <a href=\"https:\/\/www.espenschiedwein.de\/shop\/versandarten\/\" target=\"_blank\">Versandkosten<\/a><\/p>\n\n\n<a href=\"\/shop\/wp-json\/wp\/v2\/pages\/864?add-to-cart=10440\" aria-describedby=\"woocommerce_loop_add_to_cart_link_describedby_10440\" data-quantity=\"1\" class=\"button product_type_simple add_to_cart_button ajax_add_to_cart\" data-product_id=\"10440\" data-product_sku=\"73\" aria-label=\"In den Warenkorb legen: \u201eBl\u00e4ttertanz Feinherb Wei\u00dfweincuv\u00e9e\u201c\" rel=\"nofollow\" data-success_message=\"\u201eBl\u00e4ttertanz Feinherb Wei\u00dfweincuv\u00e9e\u201c wurde Ihrem Warenkorb hinzugef\u00fcgt\" data-product-name=\"Bl\u00e4ttertanz Feinherb Wei\u00dfweincuv\u00e9e\" title=\"In den Warenkorb legen: \u201eBl\u00e4ttertanz Feinherb Wei\u00dfweincuv\u00e9e\u201c\" role=\"button\">In den Warenkorb<\/a>\t<span id=\"woocommerce_loop_add_to_cart_link_describedby_10440\" class=\"screen-reader-text\">\n\t\t\t<\/span>\n<\/li>\n<li class=\"product type-product post-10438 status-publish first instock product_cat-weisswein-trocken has-post-thumbnail taxable shipping-taxable purchasable product-type-simple\">\n\t<a title=\"Silvaner Alte\u202fReben trocken \u2013 Qualit\u00e4tswein aus dem Nahetal\" href=\"https:\/\/www.espenschiedwein.de\/shop\/produkt\/silvaner-alte-reben-trocken\/\" class=\"woocommerce-LoopProduct-link woocommerce-loop-product__link\" aria-label=\"Produkt \u00f6ffnen \u2013 Silvaner &#8211; Alte Reben &#8211; trocken\" data-tooltip=\"focus\"><\/a><img loading=\"lazy\" decoding=\"async\" width=\"222\" height=\"1000\" src=\"https:\/\/www.espenschiedwein.de\/shop\/wp-content\/uploads\/2024\/03\/dsc01773.jpg\" class=\"attachment-woocommerce_thumbnail size-woocommerce_thumbnail\" alt=\"Silvaner - Alte Reben - trocken\" \/><h2 class=\"woocommerce-loop-product__title\">Silvaner &#8211; Alte Reben &#8211; trocken<\/h2><div class=\"category_product_sku\">Artikelnummer: 61<\/div>\n\t<span class=\"price\"><span class=\"woocommerce-Price-amount amount\"><bdi>7,50&nbsp;<span class=\"woocommerce-Price-currencySymbol\">&euro;<\/span><\/bdi><\/span><\/span>\n\n<div class=\"product-info-container\"><\/div><div class=\"mark-container\"><mark class=\"mark-link\"><a href=\"https:\/\/www.espenschiedwein.de\/shop\/produkt-kategorie\/weisswein-trocken\/\" title=\"Gehe zu Wei\u00dfwein trocken\">Wei\u00dfwein trocken<\/a><\/mark><\/div><a class=\"btn\" tabindex=\"0\" title=\"Zur Wunschliste hinzuf\u00fcgen\" data-text-add=\"Zur Wunschliste hinzuf\u00fcgen\" data-text-remove=\"Entfernen\" data-wishlist=\"10438\">Zur Wunschliste hinzuf\u00fcgen<\/a>\n\n\n\t<p class=\"wc-gzd-additional-info wc-gzd-additional-info-loop tax-info\">inkl. 19 % MwSt.<\/p>\n\n\t<p class=\"wc-gzd-additional-info wc-gzd-additional-info-loop shipping-costs-info\">zzgl. <a href=\"https:\/\/www.espenschiedwein.de\/shop\/versandarten\/\" target=\"_blank\">Versandkosten<\/a><\/p>\n\n\n<a href=\"\/shop\/wp-json\/wp\/v2\/pages\/864?add-to-cart=10438\" aria-describedby=\"woocommerce_loop_add_to_cart_link_describedby_10438\" data-quantity=\"1\" class=\"button product_type_simple add_to_cart_button ajax_add_to_cart\" data-product_id=\"10438\" data-product_sku=\"61\" aria-label=\"In den Warenkorb legen: \u201eSilvaner - Alte Reben - trocken\u201c\" rel=\"nofollow\" data-success_message=\"\u201eSilvaner - Alte Reben - trocken\u201c wurde Ihrem Warenkorb hinzugef\u00fcgt\" data-product-name=\"Silvaner - Alte Reben - trocken\" title=\"In den Warenkorb legen: \u201eSilvaner - Alte Reben - trocken\u201c\" role=\"button\">In den Warenkorb<\/a>\t<span id=\"woocommerce_loop_add_to_cart_link_describedby_10438\" class=\"screen-reader-text\">\n\t\t\t<\/span>\n<\/li>\n<\/ul><button data-loadmore data-typ=\"product\" data-query=\"{&#039;_in&#039;:[],&#039;_taxs&#039;:[283,288,286,285]}\" data-per-page=\"4\" data-page=\"2\" class=\"btn btn-action btn-outline weight-bold icon icon-after-arrow-down margin-bottom\">Mehr laden<\/button><\/div>\n\n<\/div>\n<\/div>\n\n\t\n\n\n\t\n\n\t<div class=\"ep-block-categories-teaser ep-kategorie-teaser bg-medium space\">\n\t\t<div class=\"row\">\n\n\t\t\t\n\t\t\t<div class=\"col ep-title-container\"><h2>Unsere Produktkategorien  <span class=\"subline\"><\/span><\/h2><a title=\"Wein online bestellen aus Bad Kreuznach | Produkt\u00fcbersicht\" class=\"btn weight-bold icon icon-after-arrow-right margin-bottom\" target=\"_self\" href=\"https:\/\/www.espenschiedwein.de\/shop\/uebersicht\/\">Alle Kategorien ansehen<\/a><\/div>\n\t\n\t\t\t\t\t\t\t<div class=\"col\">\n\t\t\t\t\t\t\t\t\t<\/div>\n\t\t\t\t\n\t\t<\/div>\n\t<\/div>\n\n\t","protected":false},"excerpt":{"rendered":"","protected":false},"author":1,"featured_media":0,"parent":0,"menu_order":0,"comment_status":"closed","ping_status":"closed","template":"","meta":{"_acf_changed":false,"footnotes":""},"class_list":["post-864","page","type-page","status-publish","hentry"],"acf":[],"_links":{"self":[{"href":"https:\/\/www.espenschiedwein.de\/shop\/wp-json\/wp\/v2\/pages\/864","targetHints":{"allow":["GET"]}}],"collection":[{"href":"https:\/\/www.espenschiedwein.de\/shop\/wp-json\/wp\/v2\/pages"}],"about":[{"href":"https:\/\/www.espenschiedwein.de\/shop\/wp-json\/wp\/v2\/types\/page"}],"author":[{"embeddable":true,"href":"https:\/\/www.espenschiedwein.de\/shop\/wp-json\/wp\/v2\/users\/1"}],"replies":[{"embeddable":true,"href":"https:\/\/www.espenschiedwein.de\/shop\/wp-json\/wp\/v2\/comments?post=864"}],"version-history":[{"count":5,"href":"https:\/\/www.espenschiedwein.de\/shop\/wp-json\/wp\/v2\/pages\/864\/revisions"}],"predecessor-version":[{"id":10460,"href":"https:\/\/www.espenschiedwein.de\/shop\/wp-json\/wp\/v2\/pages\/864\/revisions\/10460"}],"wp:attachment":[{"href":"https:\/\/www.espenschiedwein.de\/shop\/wp-json\/wp\/v2\/media?parent=864"}],"curies":[{"name":"wp","href":"https:\/\/api.w.org\/{rel}","templated":true}]}}